{"id":14,"date":"2016-07-05T23:48:48","date_gmt":"2016-07-05T23:48:48","guid":{"rendered":"http:\/\/www.lindezaspa.com\/de\/?page_id=14"},"modified":"2025-08-05T16:16:52","modified_gmt":"2025-08-05T21:16:52","slug":"inicio","status":"publish","type":"page","link":"https:\/\/www.lindezaspa.com\/de\/","title":{"rendered":"Inicio"},"content":{"rendered":"<div class=\"wpb-content-wrapper\"><p>[vc_row][vc_column width=\u00bb1\/4&#8243;]<div class=\"aio-icon-component  vc_custom_1468990233712   style_3\"><div id=\"Info-box-wrap-6019\" class=\"aio-icon-box top-icon\" style=\"\"  ><div class=\"aio-icon-top\"><div class=\"ult-just-icon-wrapper  \"><div class=\"align-icon\" style=\"text-align:center;\">\n<div class=\"aio-icon-img \" style=\"font-size:160px;display:inline-block;\" data-animation=\"fadeIn\" data-animation-delay=\"03\">\n\t<img decoding=\"async\" class=\"img-icon\" alt=\"null\" src=\"https:\/\/www.lindezaspa.com\/de\/wp-content\/uploads\/2016\/07\/facial-1.png\"\/>\n<\/div><\/div><\/div><\/div><\/div> <!-- aio-icon-box --><\/div> <!-- aio-icon-component --><span id=\"creative-link-wrap-8084\" class=\"ult_main_cl ult-adjust-bottom-margin  \" >\n\t \t\t\t<span class=\"ult_cl_link_3  ult_crlink\" >\n\t\t\t\t\t<a  data-ultimate-target='#creative-link-wrap-8084 .ult_colorlink'  data-responsive-json-new='{\"font-size\":\"desktop:22px;tablet:20px;tablet_portrait:20px;mobile_landscape:15px;mobile:15px;\",\"line-height\":\"desktop:21px;\"}'  href=\"https:\/\/www.lindezaspa.com\/de\/estetica-facial-y-rejuvenecimiento\/\" title=\"Est\u00e9tica facial y rejuvenecimiento\"  class=\"ult_colorlink ult-responsive  vc_custom_1711062188201\" style=\"font-family:Raleway;font-weight:500; \"  data-textcolor=\"#5806a0\" data-texthover=\"#8e03aa\"data-style=\"Style_3\">\n\t\t\t\t\t\t\n\t\t\t\t\t\t<span data-hover=\"Est\u00e9tica facial y rejuvenecimiento\" style=\"color:#5806a0;;;\" class=\"ult_btn10_span   \">Est\u00e9tica facial y rejuvenecimiento<\/span>\n\t\t\t\t\t\t<span class=\"ult_link_btm3 \" style=\"border-color:#5806a0;border-bottom-width:1px;border-style:solid;\"><\/span>\n\t\t\t\t\t<\/a>\n\t\t\t\t<\/span>\n\t\t\t<\/span>[\/vc_column][vc_column width=\u00bb1\/4&#8243;]<div class=\"aio-icon-component  vc_custom_1475886678130   style_3\"><div id=\"Info-box-wrap-5962\" class=\"aio-icon-box top-icon\" style=\"\"  ><div class=\"aio-icon-top\"><div class=\"ult-just-icon-wrapper  \"><div class=\"align-icon\" style=\"text-align:center;\">\n<div class=\"aio-icon-img \" style=\"font-size:160px;display:inline-block;\" data-animation=\"fadeIn\" data-animation-delay=\"03\">\n\t<img decoding=\"async\" class=\"img-icon\" alt=\"null\" src=\"https:\/\/www.lindezaspa.com\/de\/wp-content\/uploads\/2016\/07\/corporal-2.png\"\/>\n<\/div><\/div><\/div><\/div><\/div> <!-- aio-icon-box --><\/div> <!-- aio-icon-component --><span id=\"creative-link-wrap-9871\" class=\"ult_main_cl ult-adjust-bottom-margin  \" >\n\t \t\t\t<span class=\"ult_cl_link_3  ult_crlink\" >\n\t\t\t\t\t<a  data-ultimate-target='#creative-link-wrap-9871 .ult_colorlink'  data-responsive-json-new='{\"font-size\":\"desktop:22px;tablet:20px;tablet_portrait:20px;mobile_landscape:15px;mobile:15px;\",\"line-height\":\"desktop:22px;\"}'  href=\"https:\/\/www.lindezaspa.com\/de\/estetica-corporal-y-moldeamiento\/\" title=\"Est\u00e9tica corporal y moldeamiento\"  class=\"ult_colorlink ult-responsive  vc_custom_1711062245857\" style=\"font-family:Raleway;font-weight:500; \"  data-textcolor=\"#5806a0\" data-texthover=\"#8e03aa\"data-style=\"Style_3\">\n\t\t\t\t\t\t\n\t\t\t\t\t\t<span data-hover=\"Est\u00e9tica corporal y moldeamiento\" style=\"color:#5806a0;;;\" class=\"ult_btn10_span   \">Est\u00e9tica corporal y moldeamiento<\/span>\n\t\t\t\t\t\t<span class=\"ult_link_btm3 \" style=\"border-color:#5806a0;border-bottom-width:1px;border-style:solid;\"><\/span>\n\t\t\t\t\t<\/a>\n\t\t\t\t<\/span>\n\t\t\t<\/span>[\/vc_column][vc_column width=\u00bb1\/4&#8243;]<div class=\"aio-icon-component  vc_custom_1711058466983   style_3\"><div id=\"Info-box-wrap-8471\" class=\"aio-icon-box top-icon\" style=\"\"  ><div class=\"aio-icon-top\"><div class=\"ult-just-icon-wrapper  \"><div class=\"align-icon\" style=\"text-align:center;\">\n<div class=\"aio-icon-img \" style=\"font-size:160px;display:inline-block;\" data-animation=\"fadeIn\" data-animation-delay=\"03\">\n\t<img decoding=\"async\" class=\"img-icon\" alt=\"depilaci\u00f3n ipl, depilacion definitiva en Guayaquil\" src=\"https:\/\/www.lindezaspa.com\/de\/wp-content\/uploads\/2024\/03\/depilacion_definitiva_lindezaspa.png\"\/>\n<\/div><\/div><\/div><\/div><\/div> <!-- aio-icon-box --><\/div> <!-- aio-icon-component --><span id=\"creative-link-wrap-3716\" class=\"ult_main_cl ult-adjust-bottom-margin  \" >\n\t \t\t\t<span class=\"ult_cl_link_3  ult_crlink\" >\n\t\t\t\t\t<a  data-ultimate-target='#creative-link-wrap-3716 .ult_colorlink'  data-responsive-json-new='{\"font-size\":\"desktop:22px;tablet:20px;tablet_portrait:20px;mobile_landscape:15px;mobile:15px;\",\"line-height\":\"desktop:21px;\"}'  href=\"https:\/\/www.lindezaspa.com\/de\/depilacion-definitiva\/\" title=\"Depilaci\u00f3n definitiva\"  class=\"ult_colorlink ult-responsive  vc_custom_1711062297089\" style=\"font-family:Raleway;font-weight:500; \"  data-textcolor=\"#5806a0\" data-texthover=\"#8e03aa\"data-style=\"Style_3\">\n\t\t\t\t\t\t\n\t\t\t\t\t\t<span data-hover=\"Depilaci\u00f3n definitiva\" style=\"color:#5806a0;;;\" class=\"ult_btn10_span   \">Depilaci\u00f3n definitiva<\/span>\n\t\t\t\t\t\t<span class=\"ult_link_btm3 \" style=\"border-color:#5806a0;border-bottom-width:1px;border-style:solid;\"><\/span>\n\t\t\t\t\t<\/a>\n\t\t\t\t<\/span>\n\t\t\t<\/span>[\/vc_column][vc_column width=\u00bb1\/4&#8243;]<div class=\"aio-icon-component  vc_custom_1468990222447   style_3\"><div id=\"Info-box-wrap-7131\" class=\"aio-icon-box top-icon\" style=\"\"  ><div class=\"aio-icon-top\"><div class=\"ult-just-icon-wrapper  \"><div class=\"align-icon\" style=\"text-align:center;\">\n<div class=\"aio-icon-img \" style=\"font-size:160px;display:inline-block;\" data-animation=\"fadeIn\" data-animation-delay=\"03\">\n\t<img decoding=\"async\" class=\"img-icon\" alt=\"null\" src=\"https:\/\/www.lindezaspa.com\/de\/wp-content\/uploads\/2016\/07\/maquilla-1.png\"\/>\n<\/div><\/div><\/div><\/div><\/div> <!-- aio-icon-box --><\/div> <!-- aio-icon-component --><span id=\"creative-link-wrap-7963\" class=\"ult_main_cl ult-adjust-bottom-margin  \" >\n\t \t\t\t<span class=\"ult_cl_link_3  ult_crlink\" >\n\t\t\t\t\t<a  data-ultimate-target='#creative-link-wrap-7963 .ult_colorlink'  data-responsive-json-new='{\"font-size\":\"desktop:22px;tablet:20px;tablet_portrait:20px;mobile_landscape:15px;mobile:15px;\",\"line-height\":\"desktop:21px;\"}'  href=\"http:\/\/www.lindezaspa.com\/de\/maquillaje-profesional-y-cursos\/\"  class=\"ult_colorlink ult-responsive  vc_custom_1479148898670\" style=\"font-family:Raleway;font-weight:500; \"  data-textcolor=\"#5806a0\" data-texthover=\"#8e03aa\"data-style=\"Style_3\">\n\t\t\t\t\t\t\n\t\t\t\t\t\t<span data-hover=\"Maquillaje Profesional y Cursos\" style=\"color:#5806a0;;;\" class=\"ult_btn10_span   \">Maquillaje Profesional y Cursos<\/span>\n\t\t\t\t\t\t<span class=\"ult_link_btm3 \" style=\"border-color:#5806a0;border-bottom-width:1px;border-style:solid;\"><\/span>\n\t\t\t\t\t<\/a>\n\t\t\t\t<\/span>\n\t\t\t<\/span>[\/vc_column][\/vc_row][vc_row][vc_column]<div id=\"ultib3-350630209969e1f0f9e124c\" class=\" ultb3-box ult-adjust-bottom-margin  \" style=\"background-color: #e7e3ef;border:1px solid #efefef;\"><div id=\"Info-banner-wrap4420\" class=\"ultb3-info ib3-info-center\" data-animation=\"fadeIn\" data-animation-delay=\"03\"><div class=\"ultb3-title ult-responsive\"  data-ultimate-target='#Info-banner-wrap4420 .ultb3-title'  data-responsive-json-new='{\"font-size\":\"desktop:37px;\",\"line-height\":\"\"}'  style=\"font-weight:normal;\">Solicita tu diagn\u00f3stico<\/div><div class=\"ultb3-desc ult-responsive\"  data-ultimate-target='#Info-banner-wrap4420 .ultb3-desc'  data-responsive-json-new='{\"font-size\":\"\",\"line-height\":\"\"}'  style=\"font-weight:normal;\">\u00a1D\u00e9janos ayudarte! Te indicaremos el tratamiento m\u00e1s adecuado para que consigas los resultados que esperas<\/div><a href=\"https:\/\/api.whatsapp.com\/send?phone=593987153753&text=Hola%2C%20deseo%20reservar%20una%20cita%20de%20evaluaci%C3%B3n.\" target=\"target=\"_blank\"\"  class=\"ultb3-btn ult-responsive\"  data-ultimate-target='#Info-banner-wrap4420 .ultb3-btn'  data-responsive-json-new='{\"font-size\":\"\",\"line-height\":\"\"}'  style=\"font-weight:normal;\">Pide tu cita<i class=\"Defaults-angle-right\"><\/i><\/a><\/div><\/div><style>\n\t\t\t\t\t#ultib3-350630209969e1f0f9e124c {\n\t\t\t\t\t\tmin-height:50px;\n\t\t\t\t\t}\n\t\t\t\t\t#ultib3-350630209969e1f0f9e124c img.ultb3-img {\n\t\t\t\t\t\theight: px;\n\t\t\t\t\t}\n\t\t\t\t\t#ultib3-350630209969e1f0f9e124c .ultb3-btn {\n\t\t\t\t\t\tborder:2px solid #540cd1;border-radius:50px;color:#898989;\n\t\t\t\t\t}\n\t\t\t\t\t#ultib3-350630209969e1f0f9e124c .ultb3-btn:hover {\n\t\t\t\t\t\tbackground:#540cd1;color:#ffffff;\n\t\t\t\t\t}\n\t\t\t\t<\/style>[\/vc_column][\/vc_row][vc_row full_width=\u00bbstretch_row\u00bb equal_height=\u00bbyes\u00bb content_placement=\u00bbmiddle\u00bb bg_type=\u00bbimage\u00bb parallax_style=\u00bbvcpb-default\u00bb bg_image_new=\u00bbid^1843|url^http:\/\/www.lindezaspa.com\/de\/wp-content\/uploads\/2016\/07\/background1.jpg|caption^null|alt^null|title^background1|description^null\u00bb css=\u00bb.vc_custom_1476743282961{padding-right: 15px !important;padding-left: 15px !important;}\u00bb][vc_column][vc_row_inner equal_height=\u00bbyes\u00bb gap=\u00bb20&#8243;][vc_column_inner width=\u00bb1\/4&#8243; css=\u00bb.vc_custom_1709939631342{background-color: rgba(255,255,255,0.7) !important;*background-color: rgb(255,255,255) !important;}\u00bb]<div class=\"pricing-box  pricing-box-box\"><div class=\"plan-header\"><div class=\"image\"><img loading=\"lazy\" decoding=\"async\" class=\"scale-with-grid\" src=\"https:\/\/www.lindezaspa.com\/de\/wp-content\/uploads\/2025\/08\/Ritual-Probiotic-Zen_lindezaspa.png\" alt=\"Ritual Probiotic Zen, probi\u00f3ticos, prebi\u00f3ticos, cuidado de la piel, limpieza facial, spa en Guayaquil, skincare Guayaquil, aceites esenciales, Aroms Natur Ecuador\" width=\"429\" height=\"429\"\/><\/div><h2 class=\"title \">Ritual Probiotic Zen<\/h2><div class=\"price\"><sup class=\"currency\"><\/sup><span>$85<\/span><sup class=\"period\"><\/sup><\/div><hr class=\"hr_color\" \/><\/div><div class=\"plan-inside\"><span class=\"pi-content\">Incluye:<\/p>\n<ul>\n<li><strong>\u2022<\/strong> Exfoliaci\u00f3n con bentonita y papaya<\/li>\n<li><strong>\u2022<\/strong> Limpieza facial profunda con extracciones de impurezas<\/li>\n<li><strong>\u2022<\/strong> Alta frecuencia oxigenante<\/li>\n<li><strong>\u2022<\/strong> Nutrici\u00f3n intensiva con activos vegetales calmantes<\/li>\n<li><strong>\u2022<\/strong> Mascarilla oxigenante de acuerdo al tipo de piel<\/li>\n<li><strong>\u2022<\/strong> Tratamiento final con prebi\u00f3ticos y probi\u00f3ticos que regeneran la piel cansada<\/li>\n<\/ul>\n<p><\/span><\/div><div class=\"plan-footer\"><a href=\"https:\/\/api.whatsapp.com\/send?phone=593987153753&#038;text=Hola%20Lindeza%20Spa%2C%20quiero%20reservar%20un%20Ritual%20Probiotic%20Zen\" class=\"button button_theme \" target=\"_blank\" title=\"Reservar Cita\"><span class=\"button_label\">Reservar Cita<\/span><\/a><\/div><\/div>\n[\/vc_column_inner][vc_column_inner width=\u00bb1\/4&#8243; css=\u00bb.vc_custom_1709939715576{background-color: rgba(255,255,255,0.7) !important;*background-color: rgb(255,255,255) !important;}\u00bb]<div class=\"pricing-box  pricing-box-box\"><div class=\"plan-header\"><div class=\"image\"><img loading=\"lazy\" decoding=\"async\" class=\"scale-with-grid\" src=\"https:\/\/www.lindezaspa.com\/de\/wp-content\/uploads\/2024\/03\/Goodbye-Papada_lindezaspa.png\" alt=\"Goodbye Papada, reduce papada, spa en Guayaquil, cara caida\" width=\"429\" height=\"429\"\/><\/div><h2 class=\"title \">Goodbye Papada Renovado<\/h2><div class=\"price\"><sup class=\"currency\"><\/sup><span>$219<\/span><sup class=\"period\"><\/sup><\/div><hr class=\"hr_color\" \/><\/div><div class=\"plan-inside\"><span class=\"pi-content\">PROMOCI\u00d3N Paquete de 4 sesiones<br \/>\nIncluye:<\/p>\n<ul>\n<li><strong>\u2022<\/strong> Radiofrecuencia RET o Thermage<\/li>\n<li><strong>\u2022<\/strong> Electroporaci\u00f3n con Booster reafirmante<\/li>\n<li><strong>\u2022<\/strong> Microcorrientes tensoras<\/li>\n<li><strong>\u2022<\/strong> Drenajes Linf\u00e1ticos con cupping<\/li>\n<li><strong>\u2022<\/strong> Obsequio: Exfoliaci\u00f3n facial<\/li>\n<\/ul>\n<p><\/span><\/div><div class=\"plan-footer\"><a href=\"https:\/\/api.whatsapp.com\/send?phone=593987153753&#038;text=Hola%20Lindeza%20Spa%2C%20quiero%20reservar%20el%20Tratamiento%20Goodbye%20Papada%2C%20mi%20nombre%20es_____\" class=\"button button_theme \"  title=\"Reservar Cita\"><span class=\"button_label\">Reservar Cita<\/span><\/a><\/div><\/div>\n[\/vc_column_inner][vc_column_inner width=\u00bb1\/4&#8243; css=\u00bb.vc_custom_1709939737541{background-color: rgba(255,255,255,0.7) !important;*background-color: rgb(255,255,255) !important;}\u00bb]<div class=\"pricing-box  pricing-box-box\"><div class=\"plan-header\"><div class=\"image\"><img loading=\"lazy\" decoding=\"async\" class=\"scale-with-grid\" src=\"https:\/\/www.lindezaspa.com\/de\/wp-content\/uploads\/2024\/03\/DesmancheCorporal_lindezaspa.png\" alt=\"desmanche corporal, cuidado de la piel, manchas en las axilas, spa en Guayaquil, axilas oscuras\" width=\"429\" height=\"429\"\/><\/div><h2 class=\"title \">Desmanche corporal<\/h2><div class=\"price\"><sup class=\"currency\"><\/sup><span>$195<\/span><sup class=\"period\"><\/sup><\/div><hr class=\"hr_color\" \/><\/div><div class=\"plan-inside\"><span class=\"pi-content\">PROMOCI\u00d3N Paquete de 3 sesiones<br \/>\nAplica para axilas, nuca, cuello, codos, entrepiernas o rodillas.<br \/>\nIncluye:<\/p>\n<ul>\n<li><strong>\u2022<\/strong> Exfoliaci\u00f3n con polvo de arroz micronizado<\/li>\n<li><strong>\u2022<\/strong> Peeling despigmentante<\/li>\n<li><strong>\u2022<\/strong> Aplicaci\u00f3n de concentrados despigmentante<\/li>\n<li><strong>\u2022<\/strong> Mascarilla aclarante<\/li>\n<li><strong>\u2022<\/strong> Aplicaci\u00f3n de gel intensivo sellante<\/li>\n<\/ul>\n<p><\/span><\/div><div class=\"plan-footer\"><a href=\"https:\/\/api.whatsapp.com\/send?phone=593987153753&#038;text=Hola%20Lindeza%20Spa%2C%20quiero%20reservar%20el%20Tratamiento%20de%20Desmanche%20corporal%2C%20mi%20nombre%20es%20__________\" class=\"button button_theme \"  title=\"Reservar Cita\"><span class=\"button_label\">Reservar Cita<\/span><\/a><\/div><\/div>\n[\/vc_column_inner][vc_column_inner width=\u00bb1\/4&#8243; css=\u00bb.vc_custom_1709939751890{background-color: rgba(255,255,255,0.7) !important;*background-color: rgb(255,255,255) !important;}\u00bb]<div class=\"pricing-box  pricing-box-box\"><div class=\"plan-header\"><div class=\"image\"><img loading=\"lazy\" decoding=\"async\" class=\"scale-with-grid\" src=\"https:\/\/www.lindezaspa.com\/de\/wp-content\/uploads\/2024\/03\/StopManchas_lindezaspa.png\" alt=\"Stop Manchas, manchas faciales, spa en Guayaquil, cuidado facial, est\u00e9tica facial, peeling, luz pulsada intensa\" width=\"429\" height=\"429\"\/><\/div><h2 class=\"title \">Stop Manchas Repotenciado<\/h2><div class=\"price\"><sup class=\"currency\"><\/sup><span>$319<\/span><sup class=\"period\"><\/sup><\/div><hr class=\"hr_color\" \/><\/div><div class=\"plan-inside\"><span class=\"pi-content\">PROMOCI\u00d3N Paquete de 4 sesiones<br \/>\nIncluye:<\/p>\n<ul>\n<li><strong>\u2022<\/strong> Prebi\u00f3ticos y probi\u00f3ticos<\/li>\n<li><strong>\u2022<\/strong> Peelings aclarantes<\/li>\n<li><strong>\u2022<\/strong> Fotobiomodulaci\u00f3n LED<\/li>\n<li><strong>\u2022<\/strong> Luz pulsada intensa (IPL)<\/li>\n<li><strong>\u2022<\/strong> Exosomas para manchas<\/li>\n<li><strong>\u2022<\/strong> Extracciones de impurezas<\/li>\n<li><strong>\u2022<\/strong> Alta frecuencia<\/li>\n<li><strong>\u2022<\/strong> Electroporaci\u00f3n con ampollas despigmentantes<\/li>\n<li><strong>\u2022<\/strong> Mascarilla de algas aclarante<\/li>\n<\/ul>\n<p><\/span><\/div><div class=\"plan-footer\"><a href=\"https:\/\/api.whatsapp.com\/send?phone=593987153753&#038;text=Hola%20Lindeza%20Spa%2C%20quiero%20reservar%20el%20Tratamiento%20Stop%20Manchas%2C%20mi%20nombre%20es%20__________\" class=\"button button_theme \"  title=\"Reservar Cita\"><span class=\"button_label\">Reservar Cita<\/span><\/a><\/div><\/div>\n[\/vc_column_inner][\/vc_row_inner][\/vc_column][\/vc_row][vc_row][vc_column][vc_column_text]<\/p>\n<h3 style=\"text-align: center;\"><strong>Testimonios<\/strong><\/h3>\n<p>[\/vc_column_text]<div class=\"testimonials_slider single-photo hide-photos\"><ul class=\"testimonials_slider_ul\"><li class=\"testimonials_slider_li\"><div class=\"single-photo-img\"><img decoding=\"async\" class=\"scale-with-grid\" src=\"https:\/\/www.lindezaspa.com\/de\/wp-content\/themes\/betheme\/images\/testimonials-placeholder.png\" alt=\"Clara Carrillo\" \/><\/div><div class=\"bq_wrapper\"><div class=\"blockquote\"><span class=\"mfn-blockquote-icon\"><i class=\"icon-quote\" aria-hidden=\"true\"><\/i><\/span><blockquote>Gracias a Sussy y Lizz he podido llegar a los 40 a\u00f1os y parecer de 25 a\u00f1os. Estoy feliz de poder consentirme en Lindeza Spa y de confiar mi cuidado de la piel en las mejores manos. Estupenda atenci\u00f3n, servicio y productos de calidad!!<\/blockquote><\/div><\/div><div class=\"hr_dots\"><span><\/span><span><\/span><span><\/span><\/div><div class=\"author\"><h5 class=\"title \">Clara Carrillo<\/h5><span class=\"company\"><\/span><\/div><\/li><li class=\"testimonials_slider_li\"><div class=\"single-photo-img\"><img decoding=\"async\" class=\"scale-with-grid\" src=\"https:\/\/www.lindezaspa.com\/de\/wp-content\/themes\/betheme\/images\/testimonials-placeholder.png\" alt=\"Isabela Cubillo\" \/><\/div><div class=\"bq_wrapper\"><div class=\"blockquote\"><span class=\"mfn-blockquote-icon\"><i class=\"icon-quote\" aria-hidden=\"true\"><\/i><\/span><blockquote>Mi experiencia en Lindeza Spa ha sido maravillosa, yo llegu\u00e9 con bastantes granitos y marcas rojas del acn\u00e9. La cosmiatra Sussy, me recomend\u00f3 los tratamientos a seguir y productos que deb\u00eda usar en mi cara y todo me fue funcionando perfectamente.\r\n\r\nAhora mi cara est\u00e1 mucho mejor y me siento m\u00e1s segura de m\u00ed misma. La recomendar\u00eda 100%, es excelente profesional y siempre busca lo mejor para sus pacientes.<\/blockquote><\/div><\/div><div class=\"hr_dots\"><span><\/span><span><\/span><span><\/span><\/div><div class=\"author\"><h5 class=\"title \">Isabela Cubillo<\/h5><span class=\"company\"><\/span><\/div><\/li><li class=\"testimonials_slider_li\"><div class=\"single-photo-img\"><img decoding=\"async\" class=\"scale-with-grid\" src=\"https:\/\/www.lindezaspa.com\/de\/wp-content\/themes\/betheme\/images\/testimonials-placeholder.png\" alt=\"Laura G\u00f3mez\" \/><\/div><div class=\"bq_wrapper\"><div class=\"blockquote\"><span class=\"mfn-blockquote-icon\"><i class=\"icon-quote\" aria-hidden=\"true\"><\/i><\/span><blockquote>Sussy Chong de Lindeza Spa es la mejor cosmiatra de Guayaquil. \u00a1Excelente servicio, tratamientos de vanguardia, no invasivos y sin uso de agujas!\r\n\r\nMe encanta dejar en sus manos mi piel.<\/blockquote><\/div><\/div><div class=\"hr_dots\"><span><\/span><span><\/span><span><\/span><\/div><div class=\"author\"><h5 class=\"title \">Laura G\u00f3mez<\/h5><span class=\"company\"><\/span><\/div><\/li><li class=\"testimonials_slider_li\"><div class=\"single-photo-img\"><img decoding=\"async\" class=\"scale-with-grid\" src=\"https:\/\/www.lindezaspa.com\/de\/wp-content\/themes\/betheme\/images\/testimonials-placeholder.png\" alt=\"Lissette Arreaga\" \/><\/div><div class=\"bq_wrapper\"><div class=\"blockquote\"><span class=\"mfn-blockquote-icon\"><i class=\"icon-quote\" aria-hidden=\"true\"><\/i><\/span><blockquote>Gracias a ustedes mi carita no se ha vuelto a irritar. Son las \u00fanicas en quienes conf\u00edo para hacerme un tratamiento \u00a1Son las mejores!<\/blockquote><\/div><\/div><div class=\"hr_dots\"><span><\/span><span><\/span><span><\/span><\/div><div class=\"author\"><h5 class=\"title \">Lissette Arreaga<\/h5><span class=\"company\"><\/span><\/div><\/li><li class=\"testimonials_slider_li\"><div class=\"single-photo-img\"><img decoding=\"async\" class=\"scale-with-grid\" src=\"https:\/\/www.lindezaspa.com\/de\/wp-content\/themes\/betheme\/images\/testimonials-placeholder.png\" alt=\"Gabriela Carrasco\" \/><\/div><div class=\"bq_wrapper\"><div class=\"blockquote\"><span class=\"mfn-blockquote-icon\"><i class=\"icon-quote\" aria-hidden=\"true\"><\/i><\/span><blockquote>\u00a1Excelente servicio! Local acogedor, equipos de primera, trato cordial, te detallan paso a paso el procedimiento a realizar y despejan todas las dudas sin intenci\u00f3n de obligarte a comprar productos. S\u00faper profesionales. \u00a1Recomendad\u00edsimo!<\/blockquote><\/div><\/div><div class=\"hr_dots\"><span><\/span><span><\/span><span><\/span><\/div><div class=\"author\"><h5 class=\"title \">Gabriela Carrasco<\/h5><span class=\"company\"><\/span><\/div><\/li><li class=\"testimonials_slider_li\"><div class=\"single-photo-img\"><img decoding=\"async\" class=\"scale-with-grid\" src=\"https:\/\/www.lindezaspa.com\/de\/wp-content\/themes\/betheme\/images\/testimonials-placeholder.png\" alt=\"Jacqueline Barrag\u00e1n\" \/><\/div><div class=\"bq_wrapper\"><div class=\"blockquote\"><span class=\"mfn-blockquote-icon\"><i class=\"icon-quote\" aria-hidden=\"true\"><\/i><\/span><blockquote>No es solo la efectividad de la aparatolog\u00eda , sino la eficiente calidez con la que atienden sus propietarias, \u00a1recomendado 100% Lindeza Spa!<\/blockquote><\/div><\/div><div class=\"hr_dots\"><span><\/span><span><\/span><span><\/span><\/div><div class=\"author\"><h5 class=\"title \">Jacqueline Barrag\u00e1n<\/h5><span class=\"company\"><\/span><\/div><\/li><li class=\"testimonials_slider_li\"><div class=\"single-photo-img\"><img decoding=\"async\" class=\"scale-with-grid\" src=\"https:\/\/www.lindezaspa.com\/de\/wp-content\/themes\/betheme\/images\/testimonials-placeholder.png\" alt=\"Connie Zambrano\" \/><\/div><div class=\"bq_wrapper\"><div class=\"blockquote\"><span class=\"mfn-blockquote-icon\"><i class=\"icon-quote\" aria-hidden=\"true\"><\/i><\/span><blockquote>\u00a1Siempre es maravilloso ir a visitarlas! Apenas regreso a Ecuador, reservo mi cita en Lindeza Spa.<\/blockquote><\/div><\/div><div class=\"hr_dots\"><span><\/span><span><\/span><span><\/span><\/div><div class=\"author\"><h5 class=\"title \">Connie Zambrano<\/h5><span class=\"company\"><\/span><\/div><\/li><li class=\"testimonials_slider_li\"><div class=\"single-photo-img\"><img decoding=\"async\" class=\"scale-with-grid\" src=\"https:\/\/www.lindezaspa.com\/de\/wp-content\/themes\/betheme\/images\/testimonials-placeholder.png\" alt=\"Alexandra Su\u00e1rez\" \/><\/div><div class=\"bq_wrapper\"><div class=\"blockquote\"><span class=\"mfn-blockquote-icon\"><i class=\"icon-quote\" aria-hidden=\"true\"><\/i><\/span><blockquote>\u00a1Me veo m\u00e1s clara la carita, con menos manchas! Gracias por la atenci\u00f3n y profesionalismo que nos brindan en cada sesi\u00f3n, consiguen que nuestro rostro siempre luzca bello. Espero con ansias mi pr\u00f3xima sesi\u00f3n.<\/blockquote><\/div><\/div><div class=\"hr_dots\"><span><\/span><span><\/span><span><\/span><\/div><div class=\"author\"><h5 class=\"title \">Alexandra Su\u00e1rez<\/h5><span class=\"company\"><\/span><\/div><\/li><li class=\"testimonials_slider_li\"><div class=\"single-photo-img\"><img decoding=\"async\" class=\"scale-with-grid\" src=\"https:\/\/www.lindezaspa.com\/de\/wp-content\/themes\/betheme\/images\/testimonials-placeholder.png\" alt=\"Marjorie Banch\u00f3n\" \/><\/div><div class=\"bq_wrapper\"><div class=\"blockquote\"><span class=\"mfn-blockquote-icon\"><i class=\"icon-quote\" aria-hidden=\"true\"><\/i><\/span><blockquote>Amo el trabajo que ustedes realizan. Gracias Lizz por el amor y dedicaci\u00f3n al maquillarme. Mi maquillaje y las fotos quedaron fabulosos.<\/blockquote><\/div><\/div><div class=\"hr_dots\"><span><\/span><span><\/span><span><\/span><\/div><div class=\"author\"><h5 class=\"title \">Marjorie Banch\u00f3n<\/h5><span class=\"company\"><\/span><\/div><\/li><\/ul><div class=\"slider_pager slider_pagination\"><\/div><\/div>\n[\/vc_column][\/vc_row]<\/p>\n<\/div>","protected":false},"excerpt":{"rendered":"<p>[vc_row][vc_column width=\u00bb1\/4&#8243;][\/vc_column][vc_column width=\u00bb1\/4&#8243;][\/vc_column][vc_column width=\u00bb1\/4&#8243;][\/vc_column][vc_column width=\u00bb1\/4&#8243;][\/vc_column][\/vc_row][vc_row][vc_column][\/vc_column][\/vc_row][vc_row full_width=\u00bbstretch_row\u00bb equal_height=\u00bbyes\u00bb content_placement=\u00bbmiddle\u00bb bg_type=\u00bbimage\u00bb parallax_style=\u00bbvcpb-default\u00bb bg_image_new=\u00bbid^1843|url^http:\/\/www.lindezaspa.com\/de\/wp-content\/uploads\/2016\/07\/background1.jpg|caption^null|alt^null|title^background1|description^null\u00bb css=\u00bb.vc_custom_1476743282961{padding-right: 15px !important;padding-left: 15px !important;}\u00bb][vc_column][vc_row_inner equal_height=\u00bbyes\u00bb gap=\u00bb20&#8243;][vc_column_inner width=\u00bb1\/4&#8243; css=\u00bb.vc_custom_1709939631342{background-color: rgba(255,255,255,0.7) !important;*background-color: rgb(255,255,255) !important;}\u00bb][\/vc_column_inner][vc_column_inner width=\u00bb1\/4&#8243; css=\u00bb.vc_custom_1709939715576{background-color:<span class=\"excerpt-hellip\"> [\u2026]<\/span><\/p>\n","protected":false},"author":1,"featured_media":-1,"parent":0,"menu_order":0,"comment_status":"closed","ping_status":"closed","template":"","meta":{"_exactmetrics_skip_tracking":false,"_exactmetrics_sitenote_active":false,"_exactmetrics_sitenote_note":"","_exactmetrics_sitenote_category":0,"footnotes":""},"class_list":["post-14","page","type-page","status-publish","has-post-thumbnail","hentry"],"_links":{"self":[{"href":"https:\/\/www.lindezaspa.com\/de\/wp-json\/wp\/v2\/pages\/14","targetHints":{"allow":["GET"]}}],"collection":[{"href":"https:\/\/www.lindezaspa.com\/de\/wp-json\/wp\/v2\/pages"}],"about":[{"href":"https:\/\/www.lindezaspa.com\/de\/wp-json\/wp\/v2\/types\/page"}],"author":[{"embeddable":true,"href":"https:\/\/www.lindezaspa.com\/de\/wp-json\/wp\/v2\/users\/1"}],"replies":[{"embeddable":true,"href":"https:\/\/www.lindezaspa.com\/de\/wp-json\/wp\/v2\/comments?post=14"}],"version-history":[{"count":149,"href":"https:\/\/www.lindezaspa.com\/de\/wp-json\/wp\/v2\/pages\/14\/revisions"}],"predecessor-version":[{"id":18806,"href":"https:\/\/www.lindezaspa.com\/de\/wp-json\/wp\/v2\/pages\/14\/revisions\/18806"}],"wp:featuredmedia":[{"embeddable":true,"href":"https:\/\/www.lindezaspa.com\/de\/wp-json\/"}],"wp:attachment":[{"href":"https:\/\/www.lindezaspa.com\/de\/wp-json\/wp\/v2\/media?parent=14"}],"curies":[{"name":"wp","href":"https:\/\/api.w.org\/{rel}","templated":true}]}}