{"id":1779,"date":"2016-07-19T04:39:09","date_gmt":"2016-07-19T04:39:09","guid":{"rendered":"http:\/\/www.lindezaspa.com\/de\/?page_id=1779"},"modified":"2025-07-10T19:41:52","modified_gmt":"2025-07-11T00:41:52","slug":"spa-novias","status":"publish","type":"page","link":"https:\/\/www.lindezaspa.com\/de\/spa-novias\/","title":{"rendered":"SPA Novias"},"content":{"rendered":"<div class=\"wpb-content-wrapper\"><p>[vc_row full_width=\u00bbstretch_row_content\u00bb content_placement=\u00bbmiddle\u00bb bg_type=\u00bbimage\u00bb parallax_style=\u00bbvcpb-default\u00bb bg_image_new=\u00bbid^1957|url^http:\/\/www.lindezaspa.com\/de\/wp-content\/uploads\/2016\/07\/facial-1.jpg|caption^null|alt^null|title^facial|description^null\u00bb bg_image_repeat=\u00bbno-repeat\u00bb bg_img_attach=\u00bbfixed\u00bb bg_override=\u00bbfull\u00bb css=\u00bb.vc_custom_1752194511571{background-color: #eaeaea !important;}\u00bb][vc_column width=\u00bb5\/6&#8243;][vc_row_inner css=\u00bb.vc_custom_1470594511104{margin-right: 10px !important;margin-left: 20px !important;}\u00bb][vc_column_inner width=\u00bb2\/3&#8243;][vc_empty_space][vc_custom_heading text=\u00bbPrep\u00e1rate para tu gran d\u00eda.<br \/>\nEn Lindeza Spa te ofrecemos tratamientos que embellecen tu rostro, moldean tu figura y te relajan. \u00a1Nuestro objetivo es consentirte para que luzcas espl\u00e9ndida!\u00bb font_container=\u00bbtag:h3|text_align:center|color:%23ffffff\u00bb google_fonts=\u00bbfont_family:Radley%3Aregular%2Citalic|font_style:400%20regular%3A400%3Anormal\u00bb][vc_empty_space][\/vc_column_inner][vc_column_inner width=\u00bb1\/3&#8243;][\/vc_column_inner][\/vc_row_inner][\/vc_column][vc_column width=\u00bb1\/6&#8243;][\/vc_column][\/vc_row][vc_row css=\u00bb.vc_custom_1471636872233{margin-right: 30px !important;margin-left: 30px !important;}\u00bb][vc_column][vc_row_inner css=\u00bb.vc_custom_1471640471557{margin-bottom: -20px !important;}\u00bb][vc_column_inner width=\u00bb2\/6&#8243;][vc_single_image image=\u00bb2330&#8243; img_size=\u00bbfull\u00bb][\/vc_column_inner][vc_column_inner width=\u00bb3\/6&#8243;][vc_empty_space][vc_custom_heading text=\u00bbDay Spa Facial\u00bb font_container=\u00bbtag:h1|font_size:40|text_align:left|color:%236a2d99&#8243; google_fonts=\u00bbfont_family:Lato%3A100%2C100italic%2C300%2C300italic%2Cregular%2Citalic%2C700%2C700italic%2C900%2C900italic|font_style:400%20regular%3A400%3Anormal\u00bb][vc_separator color=\u00bbviolet\u00bb align=\u00bbalign_left\u00bb border_width=\u00bb2&#8243; el_width=\u00bb30&#8243;][vc_column_text]Programa de renovaci\u00f3n que limpia y rejuvenece el rostro a profundidad, dej\u00e1ndolo terso y perfecto. Incluye adem\u00e1s la prueba y sesi\u00f3n de maquillaje para el d\u00eda de la boda.[\/vc_column_text][\/vc_column_inner][vc_column_inner width=\u00bb1\/6&#8243;][vc_empty_space]<div class=\"pricing-box  pricing-box-box\"><div class=\"plan-header\"><\/div><div class=\"plan-footer\"><a href=\"http:\/\/www.lindezaspa.com\/de\/cita-plan-novias\/\" class=\"button button_theme \"  title=\"Reserva tu cita\"><span class=\"button_label\">Reserva tu cita<\/span><\/a><\/div><\/div>\n[\/vc_column_inner][\/vc_row_inner][vc_separator][vc_row_inner css=\u00bb.vc_custom_1471640573516{margin-bottom: -20px !important;}\u00bb][vc_column_inner width=\u00bb2\/6&#8243;][vc_single_image image=\u00bb2329&#8243; img_size=\u00bbfull\u00bb][\/vc_column_inner][vc_column_inner width=\u00bb3\/6&#8243;][vc_empty_space][vc_custom_heading text=\u00bbMaquillaje para novias\u00bb font_container=\u00bbtag:h1|font_size:40|text_align:left|color:%236a2d99&#8243; google_fonts=\u00bbfont_family:Lato%3A100%2C100italic%2C300%2C300italic%2Cregular%2Citalic%2C700%2C700italic%2C900%2C900italic|font_style:400%20regular%3A400%3Anormal\u00bb][vc_separator color=\u00bbviolet\u00bb align=\u00bbalign_left\u00bb border_width=\u00bb2&#8243; el_width=\u00bb30&#8243;][vc_column_text]En ese gran d\u00eda luce una piel de porcelana con las t\u00e9cnicas de maquillaje profesional que aplicamos en nuestro estudio o a domicilio. Incluye preparaci\u00f3n de la piel con exfoliaci\u00f3n enzim\u00e1tica y 1 prueba de maquillaje antes de la boda.[\/vc_column_text][\/vc_column_inner][vc_column_inner width=\u00bb1\/6&#8243;][vc_empty_space]<div class=\"pricing-box  pricing-box-box\"><div class=\"plan-header\"><\/div><div class=\"plan-footer\"><a href=\"http:\/\/www.lindezaspa.com\/de\/cita-plan-novias\/\" class=\"button button_theme \"  title=\"Reserva tu cita\"><span class=\"button_label\">Reserva tu cita<\/span><\/a><\/div><\/div>\n[\/vc_column_inner][\/vc_row_inner][vc_separator][vc_row_inner css=\u00bb.vc_custom_1471640592515{margin-bottom: -20px !important;}\u00bb][vc_column_inner width=\u00bb2\/6&#8243;][vc_single_image image=\u00bb2331&#8243; img_size=\u00bbfull\u00bb][\/vc_column_inner][vc_column_inner width=\u00bb3\/6&#8243;][vc_empty_space][vc_custom_heading text=\u00bbSpa Relax\u00bb font_container=\u00bbtag:h1|font_size:40|text_align:left|color:%236a2d99&#8243; google_fonts=\u00bbfont_family:Lato%3A100%2C100italic%2C300%2C300italic%2Cregular%2Citalic%2C700%2C700italic%2C900%2C900italic|font_style:400%20regular%3A400%3Anormal\u00bb][vc_separator color=\u00bbviolet\u00bb align=\u00bbalign_left\u00bb border_width=\u00bb2&#8243; el_width=\u00bb30&#8243;][vc_column_text]Preparaci\u00f3n integral para el d\u00eda de la boda. Se combinan los tratamientos de cuidados faciales como: limpiezas, velos de col\u00e1geno y, tensados con los corporales como: pulidos, hidrataciones y depilaciones. Se puede incluir tambi\u00e9n el maquillaje profesional.[\/vc_column_text][\/vc_column_inner][vc_column_inner width=\u00bb1\/6&#8243;][vc_empty_space]<div class=\"pricing-box  pricing-box-box\"><div class=\"plan-header\"><\/div><div class=\"plan-footer\"><a href=\"http:\/\/www.lindezaspa.com\/de\/cita-plan-novias\/\" class=\"button button_theme \"  title=\"Reserva tu cita\"><span class=\"button_label\">Reserva tu cita<\/span><\/a><\/div><\/div>\n[\/vc_column_inner][\/vc_row_inner][vc_separator][vc_row_inner][vc_column_inner width=\u00bb2\/6&#8243;][vc_single_image image=\u00bb2328&#8243; img_size=\u00bbfull\u00bb][\/vc_column_inner][vc_column_inner width=\u00bb3\/6&#8243;][vc_empty_space height=\u00bb12px\u00bb][vc_custom_heading text=\u00bbReducci\u00f3n de medidas y moldeamiento\u00bb font_container=\u00bbtag:h1|font_size:40|text_align:left|color:%236a2d99|line_height:1&#8243; google_fonts=\u00bbfont_family:Lato%3A100%2C100italic%2C300%2C300italic%2Cregular%2Citalic%2C700%2C700italic%2C900%2C900italic|font_style:400%20regular%3A400%3Anormal\u00bb][vc_separator color=\u00bbviolet\u00bb align=\u00bbalign_left\u00bb border_width=\u00bb2&#8243; el_width=\u00bb30&#8243;][vc_column_text]Si deseas adelgazar y mejorar tu figura tenemos la soluci\u00f3n que se adapta a tu disponibilidad de tiempo y presupuesto.<\/p>\n<p>Puedes escoger el n\u00famero de sesiones que deseas, y tambi\u00e9n las zonas en donde te gustar\u00eda reducir medidas. Luce perfecta en tu vestido de novia con la tecnolog\u00eda de Lindeza Spa.[\/vc_column_text][\/vc_column_inner][vc_column_inner width=\u00bb1\/6&#8243;][vc_empty_space]<div class=\"pricing-box  pricing-box-box\"><div class=\"plan-header\"><\/div><div class=\"plan-footer\"><a href=\"http:\/\/www.lindezaspa.com\/de\/cita-plan-novias\/\" class=\"button button_theme \"  title=\"Reserva tu cita\"><span class=\"button_label\">Reserva tu cita<\/span><\/a><\/div><\/div>\n[\/vc_column_inner][\/vc_row_inner][\/vc_column][\/vc_row]<\/p>\n<\/div>","protected":false},"excerpt":{"rendered":"<p>[vc_row full_width=\u00bbstretch_row_content\u00bb content_placement=\u00bbmiddle\u00bb bg_type=\u00bbimage\u00bb parallax_style=\u00bbvcpb-default\u00bb bg_image_new=\u00bbid^1957|url^http:\/\/www.lindezaspa.com\/de\/wp-content\/uploads\/2016\/07\/facial-1.jpg|caption^null|alt^null|title^facial|description^null\u00bb bg_image_repeat=\u00bbno-repeat\u00bb bg_img_attach=\u00bbfixed\u00bb bg_override=\u00bbfull\u00bb css=\u00bb.vc_custom_1752194511571{background-color: #eaeaea !important;}\u00bb][vc_column width=\u00bb5\/6&#8243;][vc_row_inner css=\u00bb.vc_custom_1470594511104{margin-right: 10px !important;margin-left: 20px !important;}\u00bb][vc_column_inner width=\u00bb2\/3&#8243;][vc_empty_space][vc_custom_heading text=\u00bbPrep\u00e1rate para tu gran d\u00eda. En Lindeza<span class=\"excerpt-hellip\"> [\u2026]<\/span><\/p>\n","protected":false},"author":1,"featured_media":-1,"parent":0,"menu_order":0,"comment_status":"closed","ping_status":"closed","template":"","meta":{"_exactmetrics_skip_tracking":false,"_exactmetrics_sitenote_active":false,"_exactmetrics_sitenote_note":"","_exactmetrics_sitenote_category":0,"footnotes":""},"class_list":["post-1779","page","type-page","status-publish","has-post-thumbnail","hentry"],"_links":{"self":[{"href":"https:\/\/www.lindezaspa.com\/de\/wp-json\/wp\/v2\/pages\/1779","targetHints":{"allow":["GET"]}}],"collection":[{"href":"https:\/\/www.lindezaspa.com\/de\/wp-json\/wp\/v2\/pages"}],"about":[{"href":"https:\/\/www.lindezaspa.com\/de\/wp-json\/wp\/v2\/types\/page"}],"author":[{"embeddable":true,"href":"https:\/\/www.lindezaspa.com\/de\/wp-json\/wp\/v2\/users\/1"}],"replies":[{"embeddable":true,"href":"https:\/\/www.lindezaspa.com\/de\/wp-json\/wp\/v2\/comments?post=1779"}],"version-history":[{"count":32,"href":"https:\/\/www.lindezaspa.com\/de\/wp-json\/wp\/v2\/pages\/1779\/revisions"}],"predecessor-version":[{"id":17324,"href":"https:\/\/www.lindezaspa.com\/de\/wp-json\/wp\/v2\/pages\/1779\/revisions\/17324"}],"wp:featuredmedia":[{"embeddable":true,"href":"https:\/\/www.lindezaspa.com\/de\/wp-json\/"}],"wp:attachment":[{"href":"https:\/\/www.lindezaspa.com\/de\/wp-json\/wp\/v2\/media?parent=1779"}],"curies":[{"name":"wp","href":"https:\/\/api.w.org\/{rel}","templated":true}]}}