{"id":1852,"date":"2016-07-26T18:59:10","date_gmt":"2016-07-26T18:59:10","guid":{"rendered":"http:\/\/www.lindezaspa.com\/de\/?page_id=1852"},"modified":"2024-04-10T17:16:40","modified_gmt":"2024-04-10T22:16:40","slug":"estetica-corporal-y-moldeamiento","status":"publish","type":"page","link":"https:\/\/www.lindezaspa.com\/de\/estetica-corporal-y-moldeamiento\/","title":{"rendered":"Est\u00e9tica corporal y moldeamiento"},"content":{"rendered":"<div class=\"wpb-content-wrapper\"><p>[vc_row full_width=\u00bbstretch_row_content\u00bb content_placement=\u00bbmiddle\u00bb parallax=\u00bbcontent-moving\u00bb parallax_image=\u00bb2218&#8243; bg_type=\u00bbimage\u00bb parallax_style=\u00bbvcpb-default\u00bb bg_image_new=\u00bbid^2218|url^https:\/\/www.lindezaspa.com\/de\/wp-content\/uploads\/2016\/07\/bannermedidas.jpg|caption^null|alt^null|title^bannermedidas|description^null\u00bb bg_image_repeat=\u00bbno-repeat\u00bb css=\u00bb.vc_custom_1712678685501{background-color: #eaeaea !important;}\u00bb][vc_column width=\u00bb5\/6&#8243;][vc_row_inner css=\u00bb.vc_custom_1470594511104{margin-right: 10px !important;margin-left: 20px !important;}\u00bb][vc_column_inner width=\u00bb2\/3&#8243;][vc_empty_space height=\u00bb80px\u00bb][vc_custom_heading text=\u00bbEst\u00e9tica corporal y moldeamiento\u00bb font_container=\u00bbtag:h1|font_size:50px|text_align:center|color:%23000000|line_height:50px\u00bb google_fonts=\u00bbfont_family:Raleway%3A100%2C200%2C300%2Cregular%2C500%2C600%2C700%2C800%2C900|font_style:500%20bold%20regular%3A500%3Anormal\u00bb el_class=\u00bbtitular-servicios\u00bb][vc_empty_space height=\u00bb80px\u00bb][\/vc_column_inner][vc_column_inner width=\u00bb1\/3&#8243;][\/vc_column_inner][\/vc_row_inner][\/vc_column][vc_column width=\u00bb1\/6&#8243;][\/vc_column][\/vc_row][vc_row][vc_column width=\u00bb1\/6&#8243;][\/vc_column][vc_column width=\u00bb2\/3&#8243;][vc_custom_heading text=\u00bbRel\u00e1jate mientras transformas tu figura, sin inyecciones ni dolor.<\/p>\n<p>Utilizamos tecnolog\u00eda est\u00e9tica, activos de alta calidad y nuestra experiencia de m\u00e1s de 15 a\u00f1os en el mundo de la belleza.\u00bb font_container=\u00bbtag:h2|text_align:center|color:%236b56af\u00bb google_fonts=\u00bbfont_family:Raleway%3A100%2C200%2C300%2Cregular%2C500%2C600%2C700%2C800%2C900|font_style:400%20regular%3A400%3Anormal\u00bb][vc_btn title=\u00bbReserva tu cita\u00bb color=\u00bbviolet\u00bb align=\u00bbcenter\u00bb link=\u00bburl:https%3A%2F%2Fapi.whatsapp.com%2Fsend%3Fphone%3D593987153753%26text%3DHola%2520Lindeza%252C%2520quiero%2520reservar%2520una%2520cita%2520para%2520el%2520servicio%2520de%2520_______________||target:%20_blank\u00bb][vc_empty_space][\/vc_column][vc_column width=\u00bb1\/6&#8243;][\/vc_column][\/vc_row][vc_row css=\u00bb.vc_custom_1471563553936{margin-right: 40px !important;margin-left: 40px !important;}\u00bb][vc_column width=\u00bb1\/4&#8243;][vc_single_image image=\u00bb12074&#8243; img_size=\u00bbfull\u00bb][\/vc_column][vc_column width=\u00bb1\/4&#8243;][vc_custom_heading text=\u00bbLimpieza de espalda\u00bb font_container=\u00bbtag:h2|text_align:left|color:%23542c73&#8243; google_fonts=\u00bbfont_family:Raleway%3A100%2C200%2C300%2Cregular%2C500%2C600%2C700%2C800%2C900|font_style:500%20bold%20regular%3A500%3Anormal\u00bb][vc_separator color=\u00bbviolet\u00bb align=\u00bbalign_left\u00bb border_width=\u00bb3&#8243; el_width=\u00bb20&#8243;][vc_column_text]Nuestra sesi\u00f3n elimina las impurezas y manchas de la espalda.\u00a0 Unifica el tono de la zona, previene el acn\u00e9 y suaviza la piel.<\/p>\n<p>Incluimos peeling enzim\u00e1tico, extracciones de impurezas, microdermoabrasi\u00f3n con puntas de diamante, alta frecuencia y una mascarilla equilibrante con lodo termal azul.[\/vc_column_text][\/vc_column][vc_column width=\u00bb1\/4&#8243;][vc_single_image image=\u00bb12076&#8243; img_size=\u00bbfull\u00bb][\/vc_column][vc_column width=\u00bb1\/4&#8243;][vc_custom_heading text=\u00bbDesmanche corporal\u00bb font_container=\u00bbtag:h2|text_align:left|color:%23542c73&#8243; google_fonts=\u00bbfont_family:Raleway%3A100%2C200%2C300%2Cregular%2C500%2C600%2C700%2C800%2C900|font_style:500%20bold%20regular%3A500%3Anormal\u00bb][vc_separator color=\u00bbviolet\u00bb align=\u00bbalign_left\u00bb border_width=\u00bb3&#8243; el_width=\u00bb20&#8243;][vc_column_text]Tratamiento ideal para despigmentar y renovar la piel de las zonas manchadas en el cuerpo. Se aplica en axilas, nuca, cuello, codos, entrepiernas o rodillas.<\/p>\n<p>Incluimos: Exfoliaci\u00f3n profesional, pre peeling, peeling despigmentante, electroporaci\u00f3n con\u00a0 concentrados y aplicaci\u00f3n de una crema que unifica el tono de la piel.[\/vc_column_text][\/vc_column][\/vc_row][vc_row css=\u00bb.vc_custom_1471563553936{margin-right: 40px !important;margin-left: 40px !important;}\u00bb][vc_column width=\u00bb1\/4&#8243;][vc_single_image image=\u00bb12096&#8243; img_size=\u00bbfull\u00bb][\/vc_column][vc_column width=\u00bb1\/4&#8243;][vc_custom_heading text=\u00bbRejuvenecimiento de manos\u00bb font_container=\u00bbtag:h2|text_align:left|color:%23542c73&#8243; google_fonts=\u00bbfont_family:Raleway%3A100%2C200%2C300%2Cregular%2C500%2C600%2C700%2C800%2C900|font_style:500%20bold%20regular%3A500%3Anormal\u00bb][vc_separator color=\u00bbviolet\u00bb align=\u00bbalign_left\u00bb border_width=\u00bb3&#8243; el_width=\u00bb20&#8243;][vc_column_text]Suaviza, alisa arruguitas y nutre profundamente la piel de las manos. Incluye exfoliaci\u00f3n profesional, Thermage Lifting y guantes hidratantes[\/vc_column_text][\/vc_column][vc_column width=\u00bb1\/4&#8243;][vc_single_image image=\u00bb12098&#8243; img_size=\u00bbfull\u00bb][\/vc_column][vc_column width=\u00bb1\/4&#8243;][vc_custom_heading text=\u00bbRevitalizaci\u00f3n del cuero cabelludo\u00bb font_container=\u00bbtag:h2|text_align:left|color:%23542c73&#8243; google_fonts=\u00bbfont_family:Raleway%3A100%2C200%2C300%2Cregular%2C500%2C600%2C700%2C800%2C900|font_style:500%20bold%20regular%3A500%3Anormal\u00bb][vc_separator color=\u00bbviolet\u00bb align=\u00bbalign_left\u00bb border_width=\u00bb3&#8243; el_width=\u00bb20&#8243;][vc_column_text]Incrementa el n\u00famero de cabellos por fol\u00edculo piloso, mejora la circulaci\u00f3n sangu\u00ednea ocasionando a su vez una mejor nutrici\u00f3n y oxigenaci\u00f3n, regula el exceso de grasa, toxinas y reduce la caspa gracias a la fotoestimulaci\u00f3n de la luz led, la cual tiene un efecto antibacteriano.<\/p>\n<p><!-- notionvc: 1aa1c415-a9fa-4940-9239-788b94499083 -->[\/vc_column_text][\/vc_column][\/vc_row][vc_row css=\u00bb.vc_custom_1471563553936{margin-right: 40px !important;margin-left: 40px !important;}\u00bb][vc_column width=\u00bb1\/4&#8243;][vc_single_image image=\u00bb2234&#8243; img_size=\u00bbfull\u00bb][\/vc_column][vc_column width=\u00bb1\/4&#8243;][vc_custom_heading text=\u00bbPrograma reductor y reafirmante de brazos\u00bb font_container=\u00bbtag:h2|text_align:left|color:%23542c73&#8243; google_fonts=\u00bbfont_family:Raleway%3A100%2C200%2C300%2Cregular%2C500%2C600%2C700%2C800%2C900|font_style:500%20bold%20regular%3A500%3Anormal\u00bb][vc_separator color=\u00bbviolet\u00bb align=\u00bbalign_left\u00bb border_width=\u00bb3&#8243; el_width=\u00bb20&#8243;][vc_column_text]Tratamiento enfocado en reducir la grasa localizada en los brazos y combatir la flacidez provocada por la edad o el descenso brusco de peso. En este plan se incluyen la utilizaci\u00f3n de: Lipol\u00e1ser, radiofrecuencia multipolar, electroestimulaci\u00f3n con ondas rusas y drenajes linf\u00e1ticos manuales.[\/vc_column_text][\/vc_column][vc_column width=\u00bb1\/4&#8243;][vc_single_image image=\u00bb2232&#8243; img_size=\u00bbfull\u00bb][\/vc_column][vc_column width=\u00bb1\/4&#8243;][vc_custom_heading text=\u00bbGoodbye Celulitis\u00bb font_container=\u00bbtag:h2|text_align:left|color:%23542c73&#8243; google_fonts=\u00bbfont_family:Raleway%3A100%2C200%2C300%2Cregular%2C500%2C600%2C700%2C800%2C900|font_style:500%20bold%20regular%3A500%3Anormal\u00bb][vc_separator color=\u00bbviolet\u00bb align=\u00bbalign_left\u00bb border_width=\u00bb3&#8243; el_width=\u00bb20&#8243;][vc_column_text]Plan dise\u00f1ado para prevenir y eliminar la apariencia de piel de naranja en las piernas, vientre y gl\u00fateos. El objetivo del tratamiento es remodelar y reafirmar.<\/p>\n<p>Seg\u00fan el grado de celulitis se determina el n\u00famero de sesiones y se utilizan equipos no invasivos como: Ondas rusas, presoterapia y distintos tipos de radiofrecuencia.[\/vc_column_text][\/vc_column][\/vc_row][vc_row css=\u00bb.vc_custom_1471563553936{margin-right: 40px !important;margin-left: 40px !important;}\u00bb][vc_column width=\u00bb1\/4&#8243;][vc_single_image image=\u00bb2228&#8243; img_size=\u00bbfull\u00bb][\/vc_column][vc_column width=\u00bb1\/4&#8243;][vc_custom_heading text=\u00bbTratamiento Post \u2013 Quir\u00fargico\u00bb font_container=\u00bbtag:h2|text_align:left|color:%23542c73&#8243; google_fonts=\u00bbfont_family:Raleway%3A100%2C200%2C300%2Cregular%2C500%2C600%2C700%2C800%2C900|font_style:500%20bold%20regular%3A500%3Anormal\u00bb][vc_separator color=\u00bbviolet\u00bb align=\u00bbalign_left\u00bb border_width=\u00bb3&#8243; el_width=\u00bb20&#8243;][vc_column_text]<\/p>\n<p style=\"text-align: left;\">Tratamiento ideal para despu\u00e9s de una liposucci\u00f3n o lipoescultura donde se forman edemas y moratones a consecuencia del trauma quir\u00fargico. Combinamos un Drenaje Linf\u00e1tico Manual con aparatolog\u00eda est\u00e9tica que permite mejorar la cicatrizaci\u00f3n del tejido, eliminar las molestias postoperatorias y acelerar la recuperaci\u00f3n.<\/p>\n<p>[\/vc_column_text][\/vc_column][vc_column width=\u00bb1\/4&#8243;][vc_single_image image=\u00bb2240&#8243; img_size=\u00bbfull\u00bb][\/vc_column][vc_column width=\u00bb1\/4&#8243;][vc_custom_heading text=\u00bbPost Baby Body \u00bb font_container=\u00bbtag:h2|text_align:left|color:%23542c73&#8243; google_fonts=\u00bbfont_family:Raleway%3A100%2C200%2C300%2Cregular%2C500%2C600%2C700%2C800%2C900|font_style:500%20bold%20regular%3A500%3Anormal\u00bb][vc_separator color=\u00bbviolet\u00bb align=\u00bbalign_left\u00bb border_width=\u00bb3&#8243; el_width=\u00bb20&#8243;][vc_column_text]<\/p>\n<p style=\"text-align: justify;\">Plan de reducci\u00f3n para recuperar la figura despu\u00e9s del embarazo. Incluye 2 \u00e1reas a elegir.<\/p>\n<p>Ayuda a reafirmar el \u00e1rea abdominal, eliminar l\u00edquidos retenidos y deshinchar de forma m\u00e1s r\u00e1pida para conseguir remodelar la silueta.[\/vc_column_text][\/vc_column][\/vc_row][vc_row css=\u00bb.vc_custom_1471563553936{margin-right: 40px !important;margin-left: 40px !important;}\u00bb][vc_column width=\u00bb1\/4&#8243;][vc_single_image image=\u00bb2243&#8243; img_size=\u00bbfull\u00bb][\/vc_column][vc_column width=\u00bb1\/4&#8243;][vc_custom_heading text=\u00bbDesinflamaci\u00f3n y reducci\u00f3n de abdomen y cintura\u00bb font_container=\u00bbtag:h2|text_align:left|color:%23542c73&#8243; google_fonts=\u00bbfont_family:Raleway%3A100%2C200%2C300%2Cregular%2C500%2C600%2C700%2C800%2C900|font_style:500%20bold%20regular%3A500%3Anormal\u00bb][vc_separator color=\u00bbviolet\u00bb align=\u00bbalign_left\u00bb border_width=\u00bb3&#8243; el_width=\u00bb20&#8243;][vc_column_text]<\/p>\n<p style=\"text-align: left;\">Incluye la reducci\u00f3n de grasa localizada en abdomen alto, bajo y cintura con aparatolog\u00eda no invasiva como Radiofrecuencia y Ondas combinadas.<\/p>\n<p>Indicado para personas con hinchaz\u00f3n, rollitos localizados, flacidez y p\u00e9rdida de forma.[\/vc_column_text][\/vc_column][vc_column width=\u00bb1\/4&#8243;][vc_single_image image=\u00bb12087&#8243; img_size=\u00bbfull\u00bb][\/vc_column][vc_column width=\u00bb1\/4&#8243;][vc_custom_heading text=\u00bbSesiones drenantes con presoterapia\u00bb font_container=\u00bbtag:h2|text_align:left|color:%23542c73&#8243; google_fonts=\u00bbfont_family:Raleway%3A100%2C200%2C300%2Cregular%2C500%2C600%2C700%2C800%2C900|font_style:500%20bold%20regular%3A500%3Anormal\u00bb][vc_separator color=\u00bbviolet\u00bb align=\u00bbalign_left\u00bb border_width=\u00bb3&#8243; el_width=\u00bb20&#8243;][vc_column_text]<\/p>\n<p style=\"text-align: left;\">Elimina l\u00edquidos retenidos, mejora la circulaci\u00f3n, reduce la hinchaz\u00f3n corporal y la pesadez. Adem\u00e1s previene la formaci\u00f3n de celulitis. Incluye la aplicaci\u00f3n del traje de presoterapia en brazos, abdomen y piernas.<\/p>\n<p>[\/vc_column_text][\/vc_column][\/vc_row]<\/p>\n<\/div>","protected":false},"excerpt":{"rendered":"<p>[vc_row full_width=\u00bbstretch_row_content\u00bb content_placement=\u00bbmiddle\u00bb parallax=\u00bbcontent-moving\u00bb parallax_image=\u00bb2218&#8243; bg_type=\u00bbimage\u00bb parallax_style=\u00bbvcpb-default\u00bb bg_image_new=\u00bbid^2218|url^https:\/\/www.lindezaspa.com\/de\/wp-content\/uploads\/2016\/07\/bannermedidas.jpg|caption^null|alt^null|title^bannermedidas|description^null\u00bb bg_image_repeat=\u00bbno-repeat\u00bb css=\u00bb.vc_custom_1712678685501{background-color: #eaeaea !important;}\u00bb][vc_column width=\u00bb5\/6&#8243;][vc_row_inner css=\u00bb.vc_custom_1470594511104{margin-right: 10px !important;margin-left: 20px !important;}\u00bb][vc_column_inner width=\u00bb2\/3&#8243;][vc_empty_space height=\u00bb80px\u00bb][vc_custom_heading text=\u00bbEst\u00e9tica corporal y moldeamiento\u00bb font_container=\u00bbtag:h1|font_size:50px|text_align:center|color:%23000000|line_height:50px\u00bb google_fonts=\u00bbfont_family:Raleway%3A100%2C200%2C300%2Cregular%2C500%2C600%2C700%2C800%2C900|font_style:500%20bold%20regular%3A500%3Anormal\u00bb<span class=\"excerpt-hellip\"> [\u2026]<\/span><\/p>\n","protected":false},"author":1,"featured_media":0,"parent":0,"menu_order":0,"comment_status":"closed","ping_status":"closed","template":"","meta":{"_exactmetrics_skip_tracking":false,"_exactmetrics_sitenote_active":false,"_exactmetrics_sitenote_note":"","_exactmetrics_sitenote_category":0,"footnotes":""},"class_list":["post-1852","page","type-page","status-publish","hentry"],"_links":{"self":[{"href":"https:\/\/www.lindezaspa.com\/de\/wp-json\/wp\/v2\/pages\/1852","targetHints":{"allow":["GET"]}}],"collection":[{"href":"https:\/\/www.lindezaspa.com\/de\/wp-json\/wp\/v2\/pages"}],"about":[{"href":"https:\/\/www.lindezaspa.com\/de\/wp-json\/wp\/v2\/types\/page"}],"author":[{"embeddable":true,"href":"https:\/\/www.lindezaspa.com\/de\/wp-json\/wp\/v2\/users\/1"}],"replies":[{"embeddable":true,"href":"https:\/\/www.lindezaspa.com\/de\/wp-json\/wp\/v2\/comments?post=1852"}],"version-history":[{"count":161,"href":"https:\/\/www.lindezaspa.com\/de\/wp-json\/wp\/v2\/pages\/1852\/revisions"}],"predecessor-version":[{"id":12099,"href":"https:\/\/www.lindezaspa.com\/de\/wp-json\/wp\/v2\/pages\/1852\/revisions\/12099"}],"wp:attachment":[{"href":"https:\/\/www.lindezaspa.com\/de\/wp-json\/wp\/v2\/media?parent=1852"}],"curies":[{"name":"wp","href":"https:\/\/api.w.org\/{rel}","templated":true}]}}