{"id":19,"date":"2016-07-07T23:56:55","date_gmt":"2016-07-07T23:56:55","guid":{"rendered":"http:\/\/www.lindezaspa.com\/de\/?page_id=19"},"modified":"2016-11-29T16:36:22","modified_gmt":"2016-11-29T16:36:22","slug":"conocenos","status":"publish","type":"page","link":"https:\/\/www.lindezaspa.com\/de\/conocenos\/","title":{"rendered":"Con\u00f3cenos"},"content":{"rendered":"<div class=\"wpb-content-wrapper\"><p>[vc_row css=\u00bb.vc_custom_1470691074184{padding-right: 30px !important;padding-left: 30px !important;}\u00bb][vc_column width=\u00bb1\/3&#8243;][vc_single_image image=\u00bb2014&#8243; img_size=\u00bb400&#215;300&#8243; style=\u00bbvc_box_rounded\u00bb][\/vc_column][vc_column width=\u00bb1\/3&#8243;][vc_single_image image=\u00bb2012&#8243; img_size=\u00bb400&#215;300&#8243; style=\u00bbvc_box_rounded\u00bb][\/vc_column][vc_column width=\u00bb1\/3&#8243;][vc_single_image image=\u00bb2013&#8243; img_size=\u00bb400&#215;300&#8243; style=\u00bbvc_box_rounded\u00bb][\/vc_column][\/vc_row][vc_row css=\u00bb.vc_custom_1470689824415{padding-right: 50px !important;padding-left: 50px !important;}\u00bb][vc_column width=\u00bb1\/6&#8243;][\/vc_column][vc_column width=\u00bb2\/3&#8243;]<div class=\"fancy_heading fancy_heading_line\"><div class=\"fh-top\"><\/div><h2 class=\"title\">Somos Lindeza<\/h2><\/div>\n[vc_column_text css=\u00bb.vc_custom_1470698418098{margin-top: -10px !important;padding-top: -5px !important;}\u00bb]<\/p>\n<div style=\"text-align: center;\"><div class=\"google_font\" style=\"font-family:'Open Sans',Arial,Tahoma,sans-serif;font-size:20px;line-height:20px;font-weight:400;letter-spacing:0px;color:#626262;\"><br \/>\nSomos un Centro est\u00e9tico especializado en el cuidado y embellecimiento del rostro y del cuerpo con aplicaci\u00f3n de aparatolog\u00eda est\u00e9tica no invasiva e indolora.<\/div>\n<\/div>\n<p>[\/vc_column_text][vc_empty_space height=\u00bb22px\u00bb][\/vc_column][vc_column width=\u00bb1\/6&#8243;][\/vc_column][\/vc_row][vc_row][vc_column][vc_single_image image=\u00bb2425&#8243; img_size=\u00bbfull\u00bb alignment=\u00bbcenter\u00bb][\/vc_column][\/vc_row][vc_row bg_type=\u00bbbg_color\u00bb bg_color_value=\u00bb#efefef\u00bb][vc_column width=\u00bb2\/3&#8243;][vc_row_inner][vc_column_inner width=\u00bb1\/4&#8243;][\/vc_column_inner][vc_column_inner width=\u00bb3\/4&#8243;]<div class=\"fancy_heading fancy_heading_line\"><div class=\"fh-top\"><\/div><h2 class=\"title\">Nuestra Misi\u00f3n<\/h2><\/div>\n[vc_column_text]Mejorar la calidad de vida de nuestros clientes mediante tratamientos de relajaci\u00f3n y est\u00e9tica que ayuden a alcanzar un equilibrio saludable, f\u00edsico, mental y espiritual.[\/vc_column_text][\/vc_column_inner][\/vc_row_inner][\/vc_column][vc_column width=\u00bb1\/3&#8243;][vc_single_image image=\u00bb2273&#8243; img_size=\u00bbfull\u00bb][\/vc_column][\/vc_row]<\/p>\n<\/div>","protected":false},"excerpt":{"rendered":"<p>[vc_row css=\u00bb.vc_custom_1470691074184{padding-right: 30px !important;padding-left: 30px !important;}\u00bb][vc_column width=\u00bb1\/3&#8243;][vc_single_image image=\u00bb2014&#8243; img_size=\u00bb400&#215;300&#8243; style=\u00bbvc_box_rounded\u00bb][\/vc_column][vc_column width=\u00bb1\/3&#8243;][vc_single_image image=\u00bb2012&#8243; img_size=\u00bb400&#215;300&#8243; style=\u00bbvc_box_rounded\u00bb][\/vc_column][vc_column width=\u00bb1\/3&#8243;][vc_single_image image=\u00bb2013&#8243; img_size=\u00bb400&#215;300&#8243; style=\u00bbvc_box_rounded\u00bb][\/vc_column][\/vc_row][vc_row css=\u00bb.vc_custom_1470689824415{padding-right: 50px !important;padding-left: 50px !important;}\u00bb][vc_column width=\u00bb1\/6&#8243;][\/vc_column][vc_column width=\u00bb2\/3&#8243;][vc_column_text css=\u00bb.vc_custom_1470698418098{margin-top:<span class=\"excerpt-hellip\"> [\u2026]<\/span><\/p>\n","protected":false},"author":1,"featured_media":0,"parent":0,"menu_order":0,"comment_status":"closed","ping_status":"closed","template":"","meta":{"_exactmetrics_skip_tracking":false,"_exactmetrics_sitenote_active":false,"_exactmetrics_sitenote_note":"","_exactmetrics_sitenote_category":0,"footnotes":""},"class_list":["post-19","page","type-page","status-publish","hentry"],"_links":{"self":[{"href":"https:\/\/www.lindezaspa.com\/de\/wp-json\/wp\/v2\/pages\/19","targetHints":{"allow":["GET"]}}],"collection":[{"href":"https:\/\/www.lindezaspa.com\/de\/wp-json\/wp\/v2\/pages"}],"about":[{"href":"https:\/\/www.lindezaspa.com\/de\/wp-json\/wp\/v2\/types\/page"}],"author":[{"embeddable":true,"href":"https:\/\/www.lindezaspa.com\/de\/wp-json\/wp\/v2\/users\/1"}],"replies":[{"embeddable":true,"href":"https:\/\/www.lindezaspa.com\/de\/wp-json\/wp\/v2\/comments?post=19"}],"version-history":[{"count":23,"href":"https:\/\/www.lindezaspa.com\/de\/wp-json\/wp\/v2\/pages\/19\/revisions"}],"predecessor-version":[{"id":2450,"href":"https:\/\/www.lindezaspa.com\/de\/wp-json\/wp\/v2\/pages\/19\/revisions\/2450"}],"wp:attachment":[{"href":"https:\/\/www.lindezaspa.com\/de\/wp-json\/wp\/v2\/media?parent=19"}],"curies":[{"name":"wp","href":"https:\/\/api.w.org\/{rel}","templated":true}]}}