{"id":1964,"date":"2016-08-07T18:29:17","date_gmt":"2016-08-07T18:29:17","guid":{"rendered":"http:\/\/www.lindezaspa.com\/de\/?page_id=1964"},"modified":"2017-01-26T17:50:53","modified_gmt":"2017-01-26T17:50:53","slug":"spa-graduadas-2","status":"publish","type":"page","link":"https:\/\/www.lindezaspa.com\/de\/spa-graduadas-2\/","title":{"rendered":"SPA Graduadas"},"content":{"rendered":"<div class=\"wpb-content-wrapper\"><p>[vc_row full_width=\u00bbstretch_row_content\u00bb content_placement=\u00bbmiddle\u00bb parallax=\u00bbcontent-moving\u00bb bg_type=\u00bbimage\u00bb parallax_style=\u00bbvcpb-vz-jquery\u00bb bg_image_new=\u00bbid^2362|url^http:\/\/www.lindezaspa.com\/de\/wp-content\/uploads\/2016\/08\/graduada.jpg|caption^null|alt^null|title^graduada|description^null\u00bb bg_override=\u00bbfull\u00bb css=\u00bb.vc_custom_1478552966835{background-color: #eaeaea !important;}\u00bb][vc_column width=\u00bb5\/6&#8243;][vc_row_inner css=\u00bb.vc_custom_1470594511104{margin-right: 10px !important;margin-left: 20px !important;}\u00bb][vc_column_inner width=\u00bb2\/3&#8243;][vc_empty_space height=\u00bb52px\u00bb][vc_custom_heading text=\u00bbEl d\u00eda de tu graduaci\u00f3n es una fecha muy especial.<br \/>\nDisfr\u00fatala con tu piel y figura perfectas. \u00bb font_container=\u00bbtag:h3|text_align:center|color:%23000000&#8243; google_fonts=\u00bbfont_family:Lato%3A100%2C100italic%2C300%2C300italic%2Cregular%2Citalic%2C700%2C700italic%2C900%2C900italic|font_style:400%20regular%3A400%3Anormal\u00bb][vc_empty_space height=\u00bb42px\u00bb][\/vc_column_inner][vc_column_inner width=\u00bb1\/3&#8243;][\/vc_column_inner][\/vc_row_inner][\/vc_column][vc_column width=\u00bb1\/6&#8243;][\/vc_column][\/vc_row][vc_row css=\u00bb.vc_custom_1471636872233{margin-right: 30px !important;margin-left: 30px !important;}\u00bb][vc_column][vc_row_inner css=\u00bb.vc_custom_1471640471557{margin-bottom: -20px !important;}\u00bb][vc_column_inner width=\u00bb1\/3&#8243;]<div class=\"pricing-box  pricing-box-table\"><div class=\"plan-header\"><h2 class=\"title \">Higiene Facial<\/h2><\/div><div class=\"plan-inside\"><span class=\"pi-content\">Limpieza facial + Hidrataci\u00f3n galv\u00e1nica + mascarilla <\/span><\/div><div class=\"plan-footer\"><a href=\"http:\/\/www.lindezaspa.com\/de\/cita-plan-graduadas\/\" class=\"button button_theme \"  title=\"Reserva tu cita\"><span class=\"button_label\">Reserva tu cita<\/span><\/a><\/div><\/div>\n[\/vc_column_inner][vc_column_inner width=\u00bb1\/3&#8243;]<div class=\"pricing-box  pricing-box-table\"><div class=\"plan-header\"><h2 class=\"title \">Maquillaje Social<\/h2><\/div><div class=\"plan-inside\"><span class=\"pi-content\">Maquillaje profesional con aplicaci\u00f3n de pesta\u00f1as <\/span><\/div><div class=\"plan-footer\"><a href=\"http:\/\/www.lindezaspa.com\/de\/cita-plan-graduadas\/\" class=\"button button_theme \"  title=\"Reserva tu cita\"><span class=\"button_label\">Reserva tu cita<\/span><\/a><\/div><\/div>\n[\/vc_column_inner][vc_column_inner width=\u00bb1\/3&#8243;]<div class=\"pricing-box  pricing-box-table\"><div class=\"plan-header\"><h2 class=\"title \">Depilaciones <\/h2><\/div><div class=\"plan-inside\"><span class=\"pi-content\">Depilaciones faciales o corporales con ceras naturales <\/span><\/div><div class=\"plan-footer\"><a href=\"http:\/\/www.lindezaspa.com\/de\/cita-plan-graduadas\/\" class=\"button button_theme \"  title=\"Reserva tu cita\"><span class=\"button_label\">Reserva tu cita<\/span><\/a><\/div><\/div>\n[\/vc_column_inner][\/vc_row_inner][vc_separator][vc_row_inner css=\u00bb.vc_custom_1471640471557{margin-bottom: -20px !important;}\u00bb][vc_column_inner width=\u00bb1\/3&#8243;]<div class=\"pricing-box  pricing-box-table\"><div class=\"plan-header\"><h2 class=\"title \">Renovaci\u00f3n facial y Maquillaje Glam<\/h2><\/div><div class=\"plan-inside\"><span class=\"pi-content\">Exfoliaci\u00f3n facial + Mascarilla antiestr\u00e9s + maquillaje profesional + pesta\u00f1as <\/span><\/div><div class=\"plan-footer\"><a href=\"http:\/\/www.lindezaspa.com\/de\/cita-plan-graduadas\/\" class=\"button button_theme \"  title=\"Reserva tu cita\"><span class=\"button_label\">Reserva tu cita<\/span><\/a><\/div><\/div>\n[\/vc_column_inner][vc_column_inner width=\u00bb1\/3&#8243;]<div class=\"pricing-box  pricing-box-table\"><div class=\"plan-header\"><h2 class=\"title \">Biolifting y Maquillaje Glam<\/h2><\/div><div class=\"plan-inside\"><span class=\"pi-content\">Lifting facial + Bioestimulaci\u00f3n + Mascarilla + Maquillaje profesional + pesta\u00f1as <\/span><\/div><div class=\"plan-footer\"><a href=\"http:\/\/www.lindezaspa.com\/de\/cita-plan-graduadas\/\" class=\"button button_theme \"  title=\"Reserva tu cita\"><span class=\"button_label\">Reserva tu cita<\/span><\/a><\/div><\/div>\n[\/vc_column_inner][vc_column_inner width=\u00bb1\/3&#8243;]<div class=\"pricing-box  pricing-box-table\"><div class=\"plan-header\"><h2 class=\"title \">Tratamiento anti-imperfecciones<\/h2><\/div><div class=\"plan-inside\"><span class=\"pi-content\">Peelings anti-acn\u00e9 o despigmentantes + Hidrataciones <\/span><\/div><div class=\"plan-footer\"><a href=\"http:\/\/www.lindezaspa.com\/de\/cita-plan-graduadas\/\" class=\"button button_theme \"  title=\"Reserva tu cita\"><span class=\"button_label\">Reserva tu cita<\/span><\/a><\/div><\/div>\n[\/vc_column_inner][\/vc_row_inner][vc_separator][vc_row_inner css=\u00bb.vc_custom_1471640471557{margin-bottom: -20px !important;}\u00bb][vc_column_inner width=\u00bb1\/3&#8243;]<div class=\"pricing-box  pricing-box-table\"><div class=\"plan-header\"><h2 class=\"title \">Renovaci\u00f3n corporal<\/h2><\/div><div class=\"plan-inside\"><span class=\"pi-content\">Pulido corporal + Hidrataci\u00f3n corporal <\/span><\/div><div class=\"plan-footer\"><a href=\"http:\/\/www.lindezaspa.com\/de\/cita-plan-graduadas\/\" class=\"button button_theme \"  title=\"Reserva tu cita\"><span class=\"button_label\">Reserva tu cita<\/span><\/a><\/div><\/div>\n[\/vc_column_inner][vc_column_inner width=\u00bb1\/3&#8243;]<div class=\"pricing-box  pricing-box-table\"><div class=\"plan-header\"><h2 class=\"title \">Relajaci\u00f3n Total<\/h2><\/div><div class=\"plan-inside\"><span class=\"pi-content\">Masaje relax + reflexolog\u00eda <\/span><\/div><div class=\"plan-footer\"><a href=\"http:\/\/www.lindezaspa.com\/de\/cita-plan-graduadas\/\" class=\"button button_theme \"  title=\"Reserva tu cita\"><span class=\"button_label\">Reserva tu cita<\/span><\/a><\/div><\/div>\n[\/vc_column_inner][vc_column_inner width=\u00bb1\/3&#8243;]<div class=\"pricing-box  pricing-box-table\"><div class=\"plan-header\"><h2 class=\"title \">Plan de Adelgazamiento<\/h2><\/div><div class=\"plan-inside\"><span class=\"pi-content\">Adelgazamiento por zonas a elegir: brazos, espalda, abdomen, cintura, piernas o caderas <\/span><\/div><div class=\"plan-footer\"><a href=\"http:\/\/www.lindezaspa.com\/de\/cita-plan-graduadas\/\" class=\"button button_theme \"  title=\"Reserva tu cita\"><span class=\"button_label\">Reserva tu cita<\/span><\/a><\/div><\/div>\n[\/vc_column_inner][\/vc_row_inner][\/vc_column][\/vc_row]<\/p>\n<\/div>","protected":false},"excerpt":{"rendered":"<p>[vc_row full_width=\u00bbstretch_row_content\u00bb content_placement=\u00bbmiddle\u00bb parallax=\u00bbcontent-moving\u00bb bg_type=\u00bbimage\u00bb parallax_style=\u00bbvcpb-vz-jquery\u00bb bg_image_new=\u00bbid^2362|url^http:\/\/www.lindezaspa.com\/de\/wp-content\/uploads\/2016\/08\/graduada.jpg|caption^null|alt^null|title^graduada|description^null\u00bb bg_override=\u00bbfull\u00bb css=\u00bb.vc_custom_1478552966835{background-color: #eaeaea !important;}\u00bb][vc_column width=\u00bb5\/6&#8243;][vc_row_inner css=\u00bb.vc_custom_1470594511104{margin-right: 10px !important;margin-left: 20px !important;}\u00bb][vc_column_inner width=\u00bb2\/3&#8243;][vc_empty_space height=\u00bb52px\u00bb][vc_custom_heading text=\u00bbEl d\u00eda de tu graduaci\u00f3n es una<span class=\"excerpt-hellip\"> [\u2026]<\/span><\/p>\n","protected":false},"author":1,"featured_media":0,"parent":0,"menu_order":0,"comment_status":"closed","ping_status":"closed","template":"","meta":{"_exactmetrics_skip_tracking":false,"_exactmetrics_sitenote_active":false,"_exactmetrics_sitenote_note":"","_exactmetrics_sitenote_category":0,"footnotes":""},"class_list":["post-1964","page","type-page","status-publish","hentry"],"_links":{"self":[{"href":"https:\/\/www.lindezaspa.com\/de\/wp-json\/wp\/v2\/pages\/1964","targetHints":{"allow":["GET"]}}],"collection":[{"href":"https:\/\/www.lindezaspa.com\/de\/wp-json\/wp\/v2\/pages"}],"about":[{"href":"https:\/\/www.lindezaspa.com\/de\/wp-json\/wp\/v2\/types\/page"}],"author":[{"embeddable":true,"href":"https:\/\/www.lindezaspa.com\/de\/wp-json\/wp\/v2\/users\/1"}],"replies":[{"embeddable":true,"href":"https:\/\/www.lindezaspa.com\/de\/wp-json\/wp\/v2\/comments?post=1964"}],"version-history":[{"count":33,"href":"https:\/\/www.lindezaspa.com\/de\/wp-json\/wp\/v2\/pages\/1964\/revisions"}],"predecessor-version":[{"id":2609,"href":"https:\/\/www.lindezaspa.com\/de\/wp-json\/wp\/v2\/pages\/1964\/revisions\/2609"}],"wp:attachment":[{"href":"https:\/\/www.lindezaspa.com\/de\/wp-json\/wp\/v2\/media?parent=1964"}],"curies":[{"name":"wp","href":"https:\/\/api.w.org\/{rel}","templated":true}]}}