{"id":2105,"date":"2016-08-20T00:38:16","date_gmt":"2016-08-20T00:38:16","guid":{"rendered":"http:\/\/www.lindezaspa.com\/de\/?page_id=2105"},"modified":"2024-03-21T18:26:36","modified_gmt":"2024-03-21T23:26:36","slug":"maquillaje-profesional-y-cursos","status":"publish","type":"page","link":"https:\/\/www.lindezaspa.com\/de\/maquillaje-profesional-y-cursos\/","title":{"rendered":"Maquillaje profesional y Cursos"},"content":{"rendered":"<div class=\"wpb-content-wrapper\"><p>[vc_row full_width=\u00bbstretch_row_content\u00bb content_placement=\u00bbmiddle\u00bb bg_type=\u00bbimage\u00bb parallax_style=\u00bbvcpb-vz-jquery\u00bb bg_image_new=\u00bbid^2355|url^http:\/\/www.lindezaspa.com\/de\/wp-content\/uploads\/2016\/08\/slider2.jpg|caption^null|alt^null|title^slider2|description^null\u00bb bg_img_attach=\u00bbfixed\u00bb bg_override=\u00bbfull\u00bb css=\u00bb.vc_custom_1478539013070{background-color: #eaeaea !important;}\u00bb][vc_column width=\u00bb5\/6&#8243;][vc_row_inner css=\u00bb.vc_custom_1470594511104{margin-right: 10px !important;margin-left: 20px !important;}\u00bb][vc_column_inner width=\u00bb2\/3&#8243;][vc_empty_space height=\u00bb90px\u00bb][vc_custom_heading text=\u00bbMaquillaje profesional y Cursos \u00bb font_container=\u00bbtag:h1|font_size:50px|text_align:center|color:%23000000|line_height:50px\u00bb google_fonts=\u00bbfont_family:Raleway%3A100%2C200%2C300%2Cregular%2C500%2C600%2C700%2C800%2C900|font_style:500%20bold%20regular%3A500%3Anormal\u00bb el_class=\u00bbtitular-servicios\u00bb][vc_custom_heading text=\u00bbResalta tus mejores rasgos con nuestro<br \/>\nservicio de maquillaje profesional. \u00bb font_container=\u00bbtag:h2|text_align:center|color:%236b56af\u00bb google_fonts=\u00bbfont_family:Lato%3A100%2C100italic%2C300%2C300italic%2Cregular%2Citalic%2C700%2C700italic%2C900%2C900italic|font_style:400%20regular%3A400%3Anormal\u00bb][vc_btn title=\u00bbReserva tu cita\u00bb color=\u00bbviolet\u00bb align=\u00bbcenter\u00bb css_animation=\u00bbbottom-to-top\u00bb link=\u00bburl:http%3A%2F%2Fwww.lindezaspa.com%2Fde%2Freservas-servicios%2F||\u00bb][vc_empty_space height=\u00bb80px\u00bb][\/vc_column_inner][vc_column_inner width=\u00bb1\/3&#8243;][\/vc_column_inner][\/vc_row_inner][\/vc_column][vc_column width=\u00bb1\/6&#8243;][\/vc_column][\/vc_row][vc_row][vc_column][vc_row_inner][vc_column_inner width=\u00bb1\/4&#8243;][\/vc_column_inner][vc_column_inner width=\u00bb1\/2&#8243;][\/vc_column_inner][vc_column_inner width=\u00bb1\/4&#8243;][\/vc_column_inner][\/vc_row_inner][\/vc_column][\/vc_row][vc_row css=\u00bb.vc_custom_1471563553936{margin-right: 40px !important;margin-left: 40px !important;}\u00bb][vc_column width=\u00bb1\/3&#8243;][vc_single_image image=\u00bb2352&#8243; img_size=\u00bbfull\u00bb][\/vc_column][vc_column width=\u00bb1\/3&#8243;][vc_custom_heading text=\u00bbSesiones de maquillaje \u00bb font_container=\u00bbtag:h1|text_align:left|color:%23542c73&#8243; google_fonts=\u00bbfont_family:Raleway%3A100%2C200%2C300%2Cregular%2C500%2C600%2C700%2C800%2C900|font_style:500%20bold%20regular%3A500%3Anormal\u00bb][vc_separator color=\u00bbviolet\u00bb align=\u00bbalign_left\u00bb border_width=\u00bb3&#8243; el_width=\u00bb20&#8243;]<div class=\"smile_icon_list_wrap ult_info_list_container ult-adjust-bottom-margin  \"><ul class=\"smile_icon_list left circle with_bg\"><li class=\"icon_list_item\" style=\" font-size:51px;\"><div class=\"icon_list_icon\" data-animation=\"\" data-animation-delay=\"03\" style=\"font-size:17px;border-width:1px;border-style:none;background:#ffffff;color:#8224e3;border-color:#333333;\"><i class=\"Defaults-leaf\" ><\/i><\/div><div class=\"icon_description\" id=\"Info-list-wrap-1721\" style=\"font-size:17px;\"><h3 class=\"ult-responsive info-list-heading\"  data-ultimate-target='#Info-list-wrap-1721 h3'  data-responsive-json-new='{\"font-size\":\"desktop:16px;\",\"line-height\":\"desktop:24px;\"}'  style=\"\">Maquillaje para novias<\/h3><div class=\"icon_description_text ult-responsive\"  data-ultimate-target='#Info-list-wrap-1721 .icon_description_text'  data-responsive-json-new='{\"font-size\":\"desktop:13px;\",\"line-height\":\"desktop:18px;\"}'  style=\"\"><\/div><\/div><div class=\"icon_list_connector\"  style=\"border-right-width: 1px;border-right-style: dashed;border-color: #333333;\"><\/div><\/li><li class=\"icon_list_item\" style=\" font-size:51px;\"><div class=\"icon_list_icon\" data-animation=\"\" data-animation-delay=\"03\" style=\"font-size:17px;border-width:1px;border-style:none;background:#ffffff;color:#8224e3;border-color:#333333;\"><i class=\"Defaults-leaf\" ><\/i><\/div><div class=\"icon_description\" id=\"Info-list-wrap-6315\" style=\"font-size:17px;\"><h3 class=\"ult-responsive info-list-heading\"  data-ultimate-target='#Info-list-wrap-6315 h3'  data-responsive-json-new='{\"font-size\":\"desktop:16px;\",\"line-height\":\"desktop:24px;\"}'  style=\"\">Maquillaje social para eventos<\/h3><div class=\"icon_description_text ult-responsive\"  data-ultimate-target='#Info-list-wrap-6315 .icon_description_text'  data-responsive-json-new='{\"font-size\":\"desktop:13px;\",\"line-height\":\"desktop:18px;\"}'  style=\"\"><\/div><\/div><div class=\"icon_list_connector\"  style=\"border-right-width: 1px;border-right-style: dashed;border-color: #333333;\"><\/div><\/li><li class=\"icon_list_item\" style=\" font-size:51px;\"><div class=\"icon_list_icon\" data-animation=\"\" data-animation-delay=\"03\" style=\"font-size:17px;border-width:1px;border-style:none;background:#ffffff;color:#8224e3;border-color:#333333;\"><i class=\"Defaults-leaf\" ><\/i><\/div><div class=\"icon_description\" id=\"Info-list-wrap-6255\" style=\"font-size:17px;\"><h3 class=\"ult-responsive info-list-heading\"  data-ultimate-target='#Info-list-wrap-6255 h3'  data-responsive-json-new='{\"font-size\":\"desktop:16px;\",\"line-height\":\"desktop:24px;\"}'  style=\"\">Maquillaje para quincea\u00f1eras<\/h3><div class=\"icon_description_text ult-responsive\"  data-ultimate-target='#Info-list-wrap-6255 .icon_description_text'  data-responsive-json-new='{\"font-size\":\"desktop:13px;\",\"line-height\":\"desktop:18px;\"}'  style=\"\"><\/div><\/div><div class=\"icon_list_connector\"  style=\"border-right-width: 1px;border-right-style: dashed;border-color: #333333;\"><\/div><\/li><li class=\"icon_list_item\" style=\" font-size:51px;\"><div class=\"icon_list_icon\" data-animation=\"\" data-animation-delay=\"03\" style=\"font-size:17px;border-width:1px;border-style:none;background:#ffffff;color:#8224e3;border-color:#333333;\"><i class=\"Defaults-leaf\" ><\/i><\/div><div class=\"icon_description\" id=\"Info-list-wrap-7906\" style=\"font-size:17px;\"><h3 class=\"ult-responsive info-list-heading\"  data-ultimate-target='#Info-list-wrap-7906 h3'  data-responsive-json-new='{\"font-size\":\"desktop:16px;\",\"line-height\":\"desktop:24px;\"}'  style=\"\">Maquillaje para sesiones fotogr\u00e1ficas y TV.<\/h3><div class=\"icon_description_text ult-responsive\"  data-ultimate-target='#Info-list-wrap-7906 .icon_description_text'  data-responsive-json-new='{\"font-size\":\"desktop:13px;\",\"line-height\":\"desktop:18px;\"}'  style=\"\"><\/div><\/div><div class=\"icon_list_connector\"  style=\"border-right-width: 1px;border-right-style: dashed;border-color: #333333;\"><\/div><\/li><li class=\"icon_list_item\" style=\" font-size:51px;\"><div class=\"icon_list_icon\" data-animation=\"\" data-animation-delay=\"03\" style=\"font-size:17px;border-width:1px;border-style:none;background:#ffffff;color:#8224e3;border-color:#333333;\"><i class=\"Defaults-leaf\" ><\/i><\/div><div class=\"icon_description\" id=\"Info-list-wrap-4788\" style=\"font-size:17px;\"><h3 class=\"ult-responsive info-list-heading\"  data-ultimate-target='#Info-list-wrap-4788 h3'  data-responsive-json-new='{\"font-size\":\"desktop:16px;\",\"line-height\":\"desktop:24px;\"}'  style=\"\">Maquillaje de fantas\u00eda<\/h3><div class=\"icon_description_text ult-responsive\"  data-ultimate-target='#Info-list-wrap-4788 .icon_description_text'  data-responsive-json-new='{\"font-size\":\"desktop:13px;\",\"line-height\":\"desktop:18px;\"}'  style=\"\"><\/div><\/div><div class=\"icon_list_connector\"  style=\"border-right-width: 1px;border-right-style: dashed;border-color: #333333;\"><\/div><\/li><\/ul><\/div>[\/vc_column][vc_column width=\u00bb1\/3&#8243;][vc_single_image image=\u00bb2353&#8243; img_size=\u00bbfull\u00bb][\/vc_column][\/vc_row][vc_row css=\u00bb.vc_custom_1471563553936{margin-right: 40px !important;margin-left: 40px !important;}\u00bb][vc_column width=\u00bb1\/4&#8243;][vc_single_image image=\u00bb2266&#8243; img_size=\u00bbfull\u00bb][\/vc_column][vc_column width=\u00bb1\/4&#8243;][vc_custom_heading text=\u00bbClases de maquillaje \u00bb font_container=\u00bbtag:h1|text_align:left|color:%23542c73&#8243; google_fonts=\u00bbfont_family:Raleway%3A100%2C200%2C300%2Cregular%2C500%2C600%2C700%2C800%2C900|font_style:500%20bold%20regular%3A500%3Anormal\u00bb][vc_separator color=\u00bbviolet\u00bb align=\u00bbalign_left\u00bb border_width=\u00bb3&#8243; el_width=\u00bb20&#8243;][vc_column_text]En nuestro estudio de maquillaje puedes escoger tu curso en modalidad individual o grupal. Ambas opciones son 100% pr\u00e1cticas, personalizadas y muy did\u00e1cticas.[\/vc_column_text][\/vc_column][vc_column width=\u00bb1\/4&#8243;][vc_single_image image=\u00bb2265&#8243; img_size=\u00bbmedium\u00bb][\/vc_column][vc_column width=\u00bb1\/4&#8243;][vc_custom_heading text=\u00bbCursos Individuales\u00bb font_container=\u00bbtag:h1|text_align:left|color:%23542c73&#8243; google_fonts=\u00bbfont_family:Raleway%3A100%2C200%2C300%2Cregular%2C500%2C600%2C700%2C800%2C900|font_style:500%20bold%20regular%3A500%3Anormal\u00bb][vc_separator color=\u00bbviolet\u00bb align=\u00bbalign_left\u00bb border_width=\u00bb3&#8243; el_width=\u00bb20&#8243;][vc_column_text]Si buscas clases privadas y con toda la atenci\u00f3n de la experta s\u00f3lo para ti, esta tu opci\u00f3n ideal. Cada clase tiene una duraci\u00f3n de 2 horas y en ellas podr\u00e1s practicar exclusivamente lo que quieras aprender.[\/vc_column_text][\/vc_column][\/vc_row][vc_row css=\u00bb.vc_custom_1471563553936{margin-right: 40px !important;margin-left: 40px !important;}\u00bb][vc_column width=\u00bb2\/4&#8243;][vc_custom_heading text=\u00bbCursos Grupales\u00bb font_container=\u00bbtag:h1|text_align:left|color:%23542c73&#8243; google_fonts=\u00bbfont_family:Raleway%3A100%2C200%2C300%2Cregular%2C500%2C600%2C700%2C800%2C900|font_style:500%20bold%20regular%3A500%3Anormal\u00bb][vc_separator color=\u00bbviolet\u00bb align=\u00bbalign_left\u00bb border_width=\u00bb3&#8243; el_width=\u00bb20&#8243;][vc_column_text]Nuestros cursos grupales se dictan con un cupo m\u00e1ximo de 3 personas para de esta forma mantener nuestras clases personalizadas.<\/p>\n<p>Puedes reunirte con tus amigas o familiares y divertirte mientras aprendes a destacar tus mejores rasgos.[\/vc_column_text][\/vc_column][vc_column width=\u00bb1\/4&#8243;][vc_single_image image=\u00bb2268&#8243; img_size=\u00bbfull\u00bb][\/vc_column][vc_column width=\u00bb1\/4&#8243;][vc_single_image image=\u00bb2271&#8243; img_size=\u00bbfull\u00bb][\/vc_column][\/vc_row][vc_row][vc_column width=\u00bb1\/6&#8243;][\/vc_column][vc_column width=\u00bb2\/3&#8243;][vc_custom_heading text=\u00bbLas opciones de cursos de maquillaje que puedes elegir de forma individual o grupal son: \u00bb font_container=\u00bbtag:h2|text_align:center|color:%236b56af\u00bb google_fonts=\u00bbfont_family:Lato%3A100%2C100italic%2C300%2C300italic%2Cregular%2Citalic%2C700%2C700italic%2C900%2C900italic|font_style:400%20regular%3A400%3Anormal\u00bb][vc_empty_space][\/vc_column][vc_column width=\u00bb1\/6&#8243;][\/vc_column][\/vc_row][vc_row css=\u00bb.vc_custom_1471563553936{margin-right: 40px !important;margin-left: 40px !important;}\u00bb][vc_column width=\u00bb1\/4&#8243;][vc_single_image image=\u00bb2264&#8243; img_size=\u00bbfull\u00bb][\/vc_column][vc_column width=\u00bb1\/4&#8243;][vc_custom_heading text=\u00bbTaller de maquillaje de un d\u00eda\u00bb font_container=\u00bbtag:h1|text_align:left|color:%23542c73&#8243; google_fonts=\u00bbfont_family:Raleway%3A100%2C200%2C300%2Cregular%2C500%2C600%2C700%2C800%2C900|font_style:500%20bold%20regular%3A500%3Anormal\u00bb][vc_separator color=\u00bbviolet\u00bb align=\u00bbalign_left\u00bb border_width=\u00bb3&#8243; el_width=\u00bb20&#8243;][vc_column_text]Ideal para quienes tengan ganas de aprender o perfeccionar alguna t\u00e9cnica espec\u00edfica: Smokey eyes, esfumado de ojos, contornos e iluminaciones, maquillaje de fantas\u00eda, delineados, etc.<\/p>\n<p>La clase tiene una duraci\u00f3n de 2 horas.[\/vc_column_text][\/vc_column][vc_column width=\u00bb1\/4&#8243;][vc_single_image image=\u00bb2269&#8243; img_size=\u00bbfull\u00bb][\/vc_column][vc_column width=\u00bb1\/4&#8243;][vc_custom_heading text=\u00bbCursos de automaquillaje b\u00e1sico \u00bb font_container=\u00bbtag:h1|text_align:left|color:%23542c73&#8243; google_fonts=\u00bbfont_family:Raleway%3A100%2C200%2C300%2Cregular%2C500%2C600%2C700%2C800%2C900|font_style:500%20bold%20regular%3A500%3Anormal\u00bb][vc_separator color=\u00bbviolet\u00bb align=\u00bbalign_left\u00bb border_width=\u00bb3&#8243; el_width=\u00bb20&#8243;][vc_column_text]Es el curso perfecto para aprender a maquillar tu rostro en cualquier ocasi\u00f3n: para el d\u00eda a d\u00eda, eventos especiales o fiestas. Conocer\u00e1s las t\u00e9cnicas y herramientas profesionales para armar tu kit esencial de maquillaje.[\/vc_column_text][\/vc_column][\/vc_row][vc_row css=\u00bb.vc_custom_1471563553936{margin-right: 40px !important;margin-left: 40px !important;}\u00bb][vc_column width=\u00bb1\/4&#8243;][vc_single_image image=\u00bb2270&#8243; img_size=\u00bbfull\u00bb][\/vc_column][vc_column width=\u00bb1\/4&#8243;][vc_custom_heading text=\u00bbCursos de automaquillaje avanzado \u00bb font_container=\u00bbtag:h1|text_align:left|color:%23542c73&#8243; google_fonts=\u00bbfont_family:Raleway%3A100%2C200%2C300%2Cregular%2C500%2C600%2C700%2C800%2C900|font_style:500%20bold%20regular%3A500%3Anormal\u00bb][vc_separator color=\u00bbviolet\u00bb align=\u00bbalign_left\u00bb border_width=\u00bb3&#8243; el_width=\u00bb20&#8243;][vc_column_text]Si en cambio ya tienes conocimientos b\u00e1sicos de maquillaje pero deseas actualizarte, este curso ser\u00e1 tu siguiente paso para perfeccionar tus t\u00e9cnicas y explorar nuevas tendencias. Si no has cursado con nosotros el nivel b\u00e1sico, para tomar el curso avanzado deber\u00e1s rendir una prueba pr\u00e1ctica con nuestra instructora.[\/vc_column_text][\/vc_column][vc_column width=\u00bb1\/4&#8243;][vc_single_image image=\u00bb2267&#8243; img_size=\u00bbfull\u00bb][\/vc_column][vc_column width=\u00bb1\/4&#8243;][vc_custom_heading text=\u00bbCurso de maquillaje profesional \u00bb font_container=\u00bbtag:h1|text_align:left|color:%23542c73&#8243; google_fonts=\u00bbfont_family:Raleway%3A100%2C200%2C300%2Cregular%2C500%2C600%2C700%2C800%2C900|font_style:500%20bold%20regular%3A500%3Anormal\u00bb][vc_separator color=\u00bbviolet\u00bb align=\u00bbalign_left\u00bb border_width=\u00bb3&#8243; el_width=\u00bb20&#8243;][vc_column_text]Si quieres dedicarte al mundo del maquillaje, con este curso adquirir\u00e1s los conocimientos necesarios para iniciarte en esta profesi\u00f3n tan demandada hoy en d\u00eda.<\/p>\n<p>Podr\u00e1s conocer las t\u00e9cnicas para maquillar cada tipo de rostro, combinaciones de colores, maquillaje para producciones fotogr\u00e1ficas y muchos trucos profesionales que te ayudar\u00e1n a destacarte.[\/vc_column_text][\/vc_column][\/vc_row]<\/p>\n<\/div>","protected":false},"excerpt":{"rendered":"<p>[vc_row full_width=\u00bbstretch_row_content\u00bb content_placement=\u00bbmiddle\u00bb bg_type=\u00bbimage\u00bb parallax_style=\u00bbvcpb-vz-jquery\u00bb bg_image_new=\u00bbid^2355|url^http:\/\/www.lindezaspa.com\/de\/wp-content\/uploads\/2016\/08\/slider2.jpg|caption^null|alt^null|title^slider2|description^null\u00bb bg_img_attach=\u00bbfixed\u00bb bg_override=\u00bbfull\u00bb css=\u00bb.vc_custom_1478539013070{background-color: #eaeaea !important;}\u00bb][vc_column width=\u00bb5\/6&#8243;][vc_row_inner css=\u00bb.vc_custom_1470594511104{margin-right: 10px !important;margin-left: 20px !important;}\u00bb][vc_column_inner width=\u00bb2\/3&#8243;][vc_empty_space height=\u00bb90px\u00bb][vc_custom_heading text=\u00bbMaquillaje profesional y Cursos \u00bb font_container=\u00bbtag:h1|font_size:50px|text_align:center|color:%23000000|line_height:50px\u00bb google_fonts=\u00bbfont_family:Raleway%3A100%2C200%2C300%2Cregular%2C500%2C600%2C700%2C800%2C900|font_style:500%20bold%20regular%3A500%3Anormal\u00bb<span class=\"excerpt-hellip\"> [\u2026]<\/span><\/p>\n","protected":false},"author":1,"featured_media":0,"parent":0,"menu_order":0,"comment_status":"closed","ping_status":"closed","template":"","meta":{"_exactmetrics_skip_tracking":false,"_exactmetrics_sitenote_active":false,"_exactmetrics_sitenote_note":"","_exactmetrics_sitenote_category":0,"footnotes":""},"class_list":["post-2105","page","type-page","status-publish","hentry"],"_links":{"self":[{"href":"https:\/\/www.lindezaspa.com\/de\/wp-json\/wp\/v2\/pages\/2105","targetHints":{"allow":["GET"]}}],"collection":[{"href":"https:\/\/www.lindezaspa.com\/de\/wp-json\/wp\/v2\/pages"}],"about":[{"href":"https:\/\/www.lindezaspa.com\/de\/wp-json\/wp\/v2\/types\/page"}],"author":[{"embeddable":true,"href":"https:\/\/www.lindezaspa.com\/de\/wp-json\/wp\/v2\/users\/1"}],"replies":[{"embeddable":true,"href":"https:\/\/www.lindezaspa.com\/de\/wp-json\/wp\/v2\/comments?post=2105"}],"version-history":[{"count":38,"href":"https:\/\/www.lindezaspa.com\/de\/wp-json\/wp\/v2\/pages\/2105\/revisions"}],"predecessor-version":[{"id":11790,"href":"https:\/\/www.lindezaspa.com\/de\/wp-json\/wp\/v2\/pages\/2105\/revisions\/11790"}],"wp:attachment":[{"href":"https:\/\/www.lindezaspa.com\/de\/wp-json\/wp\/v2\/media?parent=2105"}],"curies":[{"name":"wp","href":"https:\/\/api.w.org\/{rel}","templated":true}]}}